{"id":1894,"date":"2025-04-28T02:37:25","date_gmt":"2025-04-28T02:37:25","guid":{"rendered":"https:\/\/sunandspeed.com\/journee-shopping\/"},"modified":"2025-05-05T06:25:32","modified_gmt":"2025-05-05T06:25:32","slug":"journee-shopping","status":"publish","type":"page","link":"https:\/\/sunandspeed.com\/fr\/journee-shopping\/","title":{"rendered":"Journ\u00e9e shopping"},"content":{"rendered":"\t\t<div data-elementor-type=\"wp-page\" data-elementor-id=\"1894\" class=\"elementor elementor-1894\" data-elementor-post-type=\"page\">\n\t\t\t\t<div class=\"elementor-element elementor-element-479785b4 e-flex e-con-boxed e-con e-parent\" data-id=\"479785b4\" data-element_type=\"container\" data-settings=\"{&quot;background_background&quot;:&quot;classic&quot;}\">\n\t\t\t\t\t<div class=\"e-con-inner\">\n\t\t\t\t<div class=\"elementor-element elementor-element-7b1155bb elementor-widget elementor-widget-heading\" data-id=\"7b1155bb\" data-element_type=\"widget\" data-widget_type=\"heading.default\">\n\t\t\t\t<div class=\"elementor-widget-container\">\n\t\t\t\t\t<h2 class=\"elementor-heading-title elementor-size-default\">JOURN\u00c9E SHOPPING<\/h2>\t\t\t\t<\/div>\n\t\t\t\t<\/div>\n\t\t\t\t<div class=\"elementor-element elementor-element-6da2ac28 elementor-widget elementor-widget-text-editor\" data-id=\"6da2ac28\" data-element_type=\"widget\" data-widget_type=\"text-editor.default\">\n\t\t\t\t<div class=\"elementor-widget-container\">\n\t\t\t\t\t\t\t\t\t<p>Transformez votre journ\u00e9e de shopping en une d\u00e9claration de style et de sophistication.<\/p>\t\t\t\t\t\t\t\t<\/div>\n\t\t\t\t<\/div>\n\t\t\t\t<div class=\"elementor-element elementor-element-5c9f2650 elementor-widget elementor-widget-spacer\" data-id=\"5c9f2650\" data-element_type=\"widget\" data-widget_type=\"spacer.default\">\n\t\t\t\t<div class=\"elementor-widget-container\">\n\t\t\t\t\t\t\t<div class=\"elementor-spacer\">\n\t\t\t<div class=\"elementor-spacer-inner\"><\/div>\n\t\t<\/div>\n\t\t\t\t\t\t<\/div>\n\t\t\t\t<\/div>\n\t\t\t\t<div class=\"elementor-element elementor-element-9fcdd75 elementor-widget elementor-widget-text-editor\" data-id=\"9fcdd75\" data-element_type=\"widget\" data-widget_type=\"text-editor.default\">\n\t\t\t\t<div class=\"elementor-widget-container\">\n\t\t\t\t\t\t\t\t\t<p><span style=\"font-weight: 400\">Choisissez la voiture de vos r\u00eaves<\/span><\/p>\t\t\t\t\t\t\t\t<\/div>\n\t\t\t\t<\/div>\n\t\t\t\t<div class=\"elementor-element elementor-element-2438dd77 elementor-widget elementor-widget-text-editor\" data-id=\"2438dd77\" data-element_type=\"widget\" data-widget_type=\"text-editor.default\">\n\t\t\t\t<div class=\"elementor-widget-container\">\n\t\t\t\t\t\t\t\t\t<p><span style=\"font-weight: 400\">Qu\u2019il s\u2019agisse d\u2019une Ferrari, d\u2019une Lamborghini ou d\u2019une McLaren, laissez Sun &amp; Speed rehausser votre exp\u00e9rience.<\/span><\/p>\t\t\t\t\t\t\t\t<\/div>\n\t\t\t\t<\/div>\n\t\t\t\t<div class=\"elementor-element elementor-element-15315e64 elementor-widget elementor-widget-spacer\" data-id=\"15315e64\" data-element_type=\"widget\" data-widget_type=\"spacer.default\">\n\t\t\t\t<div class=\"elementor-widget-container\">\n\t\t\t\t\t\t\t<div class=\"elementor-spacer\">\n\t\t\t<div class=\"elementor-spacer-inner\"><\/div>\n\t\t<\/div>\n\t\t\t\t\t\t<\/div>\n\t\t\t\t<\/div>\n\t\t\t\t\t<\/div>\n\t\t\t\t<\/div>\n\t\t<div class=\"elementor-element elementor-element-648062de e-flex e-con-boxed e-con e-parent\" data-id=\"648062de\" data-element_type=\"container\" data-settings=\"{&quot;background_background&quot;:&quot;classic&quot;}\">\n\t\t\t\t\t<div class=\"e-con-inner\">\n\t\t<div class=\"elementor-element elementor-element-4e8d33a0 e-con-full e-flex e-con e-child\" data-id=\"4e8d33a0\" data-element_type=\"container\">\n\t\t\t\t<div class=\"elementor-element elementor-element-580d07aa elementor-widget elementor-widget-image\" data-id=\"580d07aa\" data-element_type=\"widget\" data-widget_type=\"image.default\">\n\t\t\t\t<div class=\"elementor-widget-container\">\n\t\t\t\t\t\t\t\t\t\t\t\t\t\t\t<img fetchpriority=\"high\" decoding=\"async\" width=\"800\" height=\"800\" src=\"https:\/\/sunandspeed.com\/wp-content\/uploads\/2025\/04\/asdpofas.webp\" class=\"attachment-large size-large wp-image-1595\" alt=\"\" \/>\t\t\t\t\t\t\t\t\t\t\t\t\t\t\t<\/div>\n\t\t\t\t<\/div>\n\t\t\t\t<\/div>\n\t\t<div class=\"elementor-element elementor-element-696dd23a e-con-full e-flex e-con e-child\" data-id=\"696dd23a\" data-element_type=\"container\">\n\t\t\t\t<div class=\"elementor-element elementor-element-7503c966 elementor-widget elementor-widget-text-editor\" data-id=\"7503c966\" data-element_type=\"widget\" data-widget_type=\"text-editor.default\">\n\t\t\t\t<div class=\"elementor-widget-container\">\n\t\t\t\t\t\t\t\t\t<p><span style=\"font-weight: 400\">Notre Range Rover avec chauffeur, tout de noir v\u00eatu, vous suivra discr\u00e8tement \u00e0 travers Canc\u00fan ou La Isla, pr\u00eat \u00e0 porter vos bagages, \u00e0 manipuler vos v\u00eatements avec soin et \u00e0 tout livrer \u00e0 votre h\u00f4tel, press\u00e9 et organis\u00e9 &#8211; m\u00eame accroch\u00e9 dans votre armoire.<\/span><span style=\"font-weight: 400\"><br><\/span><\/p>\t\t\t\t\t\t\t\t<\/div>\n\t\t\t\t<\/div>\n\t\t\t\t<\/div>\n\t\t\t\t\t<\/div>\n\t\t\t\t<\/div>\n\t\t<div class=\"elementor-element elementor-element-6d0d7de6 e-flex e-con-boxed e-con e-parent\" data-id=\"6d0d7de6\" data-element_type=\"container\" data-settings=\"{&quot;background_background&quot;:&quot;classic&quot;}\">\n\t\t\t\t\t<div class=\"e-con-inner\">\n\t\t<div class=\"elementor-element elementor-element-4d063c89 e-con-full e-flex e-con e-child\" data-id=\"4d063c89\" data-element_type=\"container\">\n\t\t\t\t<div class=\"elementor-element elementor-element-67579d50 elementor-widget elementor-widget-text-editor\" data-id=\"67579d50\" data-element_type=\"widget\" data-widget_type=\"text-editor.default\">\n\t\t\t\t<div class=\"elementor-widget-container\">\n\t\t\t\t\t\t\t\t\t<p><span style=\"font-weight: 400\">En tant qu\u2019invit\u00e9 Sun &amp; Speed, vous \u00eates trait\u00e9 comme un VIP dans chaque boutique. Nous organisons des rendez-vous de shopping priv\u00e9s dans les plus beaux magasins de Canc\u00fan, en veillant \u00e0 ce que vous soyez accueilli personnellement avec une attention sur mesure et un service de luxe. Nous entretenons des relations directes avec les meilleures boutiques pour garantir un acc\u00e8s privil\u00e9gi\u00e9.  <\/span><span style=\"font-weight: 400\"><br><\/span><\/p>\t\t\t\t\t\t\t\t<\/div>\n\t\t\t\t<\/div>\n\t\t\t\t<\/div>\n\t\t<div class=\"elementor-element elementor-element-1d312502 e-con-full e-flex e-con e-child\" data-id=\"1d312502\" data-element_type=\"container\">\n\t\t\t\t<div class=\"elementor-element elementor-element-4a473f06 elementor-widget elementor-widget-image\" data-id=\"4a473f06\" data-element_type=\"widget\" data-widget_type=\"image.default\">\n\t\t\t\t<div class=\"elementor-widget-container\">\n\t\t\t\t\t\t\t\t\t\t\t\t\t\t\t<img decoding=\"async\" width=\"800\" height=\"800\" src=\"https:\/\/sunandspeed.com\/wp-content\/uploads\/2025\/04\/vpzoxicjvzxc\u00b4.webp\" class=\"attachment-large size-large wp-image-1593\" alt=\"\" \/>\t\t\t\t\t\t\t\t\t\t\t\t\t\t\t<\/div>\n\t\t\t\t<\/div>\n\t\t\t\t<\/div>\n\t\t\t\t\t<\/div>\n\t\t\t\t<\/div>\n\t\t<div class=\"elementor-element elementor-element-73d0979c e-flex e-con-boxed e-con e-parent\" data-id=\"73d0979c\" data-element_type=\"container\" data-settings=\"{&quot;background_background&quot;:&quot;classic&quot;}\">\n\t\t\t\t\t<div class=\"e-con-inner\">\n\t\t<div class=\"elementor-element elementor-element-2db2b076 e-con-full e-flex e-con e-child\" data-id=\"2db2b076\" data-element_type=\"container\">\n\t\t\t\t<div class=\"elementor-element elementor-element-4cdcdd6d elementor-widget elementor-widget-text-editor\" data-id=\"4cdcdd6d\" data-element_type=\"widget\" data-widget_type=\"text-editor.default\">\n\t\t\t\t<div class=\"elementor-widget-container\">\n\t\t\t\t\t\t\t\t\t<p>Notre \u00e9quipe offre une assistance totale \u00e0 l\u2019int\u00e9rieur des boutiques, assurant confort, s\u00e9curit\u00e9 et luxe \u00e0 chaque pas. Il ne s\u2019agit pas seulement d\u2019une vir\u00e9e shopping. <\/p>\t\t\t\t\t\t\t\t<\/div>\n\t\t\t\t<\/div>\n\t\t\t\t<div class=\"elementor-element elementor-element-65569067 elementor-widget elementor-widget-text-editor\" data-id=\"65569067\" data-element_type=\"widget\" data-widget_type=\"text-editor.default\">\n\t\t\t\t<div class=\"elementor-widget-container\">\n\t\t\t\t\t\t\t\t\t<p><span style=\"font-weight: 400\">C\u2019est une exp\u00e9rience de style de vie organis\u00e9e.<\/span><\/p><p><br style=\"font-weight: 400\"><br><\/p>\t\t\t\t\t\t\t\t<\/div>\n\t\t\t\t<\/div>\n\t\t\t\t<\/div>\n\t\t\t\t\t<\/div>\n\t\t\t\t<\/div>\n\t\t\t\t<\/div>\n\t\t","protected":false},"excerpt":{"rendered":"<p>JOURN\u00c9E SHOPPING Transformez votre journ\u00e9e de shopping en une d\u00e9claration de style et de sophistication. Choisissez la voiture de vos r\u00eaves Qu\u2019il s\u2019agisse d\u2019une Ferrari, d\u2019une Lamborghini ou d\u2019une McLaren, laissez Sun &amp; Speed rehausser votre exp\u00e9rience. Notre Range Rover avec chauffeur, tout de noir v\u00eatu, vous suivra discr\u00e8tement \u00e0 travers Canc\u00fan ou La Isla, [&hellip;]<\/p>\n","protected":false},"author":1,"featured_media":0,"parent":0,"menu_order":0,"comment_status":"closed","ping_status":"closed","template":"elementor_header_footer","meta":{"footnotes":""},"class_list":["post-1894","page","type-page","status-publish","hentry"],"_links":{"self":[{"href":"https:\/\/sunandspeed.com\/fr\/wp-json\/wp\/v2\/pages\/1894","targetHints":{"allow":["GET"]}}],"collection":[{"href":"https:\/\/sunandspeed.com\/fr\/wp-json\/wp\/v2\/pages"}],"about":[{"href":"https:\/\/sunandspeed.com\/fr\/wp-json\/wp\/v2\/types\/page"}],"author":[{"embeddable":true,"href":"https:\/\/sunandspeed.com\/fr\/wp-json\/wp\/v2\/users\/1"}],"replies":[{"embeddable":true,"href":"https:\/\/sunandspeed.com\/fr\/wp-json\/wp\/v2\/comments?post=1894"}],"version-history":[{"count":1,"href":"https:\/\/sunandspeed.com\/fr\/wp-json\/wp\/v2\/pages\/1894\/revisions"}],"predecessor-version":[{"id":1895,"href":"https:\/\/sunandspeed.com\/fr\/wp-json\/wp\/v2\/pages\/1894\/revisions\/1895"}],"wp:attachment":[{"href":"https:\/\/sunandspeed.com\/fr\/wp-json\/wp\/v2\/media?parent=1894"}],"curies":[{"name":"wp","href":"https:\/\/api.w.org\/{rel}","templated":true}]}}