{"id":1877,"date":"2025-04-26T18:57:12","date_gmt":"2025-04-26T18:57:12","guid":{"rendered":"https:\/\/sunandspeed.com\/qui-sommes-nous\/"},"modified":"2025-05-05T06:25:28","modified_gmt":"2025-05-05T06:25:28","slug":"qui-sommes-nous","status":"publish","type":"page","link":"https:\/\/sunandspeed.com\/fr\/qui-sommes-nous\/","title":{"rendered":"Qui sommes-nous"},"content":{"rendered":"\t\t<div data-elementor-type=\"wp-page\" data-elementor-id=\"1877\" class=\"elementor elementor-1877 elementor-330\" data-elementor-post-type=\"page\">\n\t\t\t\t<div class=\"elementor-element elementor-element-bf69aa4 e-flex e-con-boxed e-con e-parent\" data-id=\"bf69aa4\" data-element_type=\"container\" data-settings=\"{&quot;background_background&quot;:&quot;classic&quot;}\">\n\t\t\t\t\t<div class=\"e-con-inner\">\n\t\t\t\t<div class=\"elementor-element elementor-element-213da46 elementor-widget elementor-widget-heading\" data-id=\"213da46\" data-element_type=\"widget\" data-widget_type=\"heading.default\">\n\t\t\t\t<div class=\"elementor-widget-container\">\n\t\t\t\t\t<h2 class=\"elementor-heading-title elementor-size-default\">QUI SOMMES-NOUS<\/h2>\t\t\t\t<\/div>\n\t\t\t\t<\/div>\n\t\t\t\t<div class=\"elementor-element elementor-element-45642e0 elementor-widget elementor-widget-text-editor\" data-id=\"45642e0\" data-element_type=\"widget\" data-widget_type=\"text-editor.default\">\n\t\t\t\t<div class=\"elementor-widget-container\">\n\t\t\t\t\t\t\t\t\t<p><span style=\"font-weight: 400\">Chez Sun &amp; Speed, nous red\u00e9finissons le luxe en mouvement. Avec une pr\u00e9sence croissante \u00e0 Canc\u00fan, y compris des emplacements phares \u00e0 La Isla et Luxury Avenue, ainsi que des partenariats exclusifs avec des h\u00f4tels et des services a\u00e9roportuaires de premier plan, nous sommes fiers de servir des clients o\u00f9 le luxe rencontre le style de vie.<\/span><span style=\"font-weight: 400\"><br><\/span><span style=\"font-weight: 400\"><br><\/span><span style=\"font-weight: 400\">Notre mission est simple : offrir des exp\u00e9riences inoubliables gr\u00e2ce \u00e0 des v\u00e9hicules performants et \u00e0 des services personnalis\u00e9s. Que vous soyez \u00e0 la recherche d\u2019une Ferrari pour le week-end, d\u2019un yacht pour l\u2019apr\u00e8s-midi ou d\u2019une exp\u00e9rience de voyage compl\u00e8te, notre \u00e9quipe de conciergerie d\u00e9di\u00e9e est l\u00e0 pour organiser tous les d\u00e9tails &#8211; vols, h\u00f4tels, chauffeurs priv\u00e9s, etc.<\/span><span style=\"font-weight: 400\"><br><\/span><span style=\"font-weight: 400\"><br><\/span><span style=\"font-weight: 400\">Nous ne nous contentons pas de louer du luxe, nous le livrons avec un service, une discr\u00e9tion et une excellence in\u00e9gal\u00e9s<\/span><\/p>\t\t\t\t\t\t\t\t<\/div>\n\t\t\t\t<\/div>\n\t\t\t\t\t<\/div>\n\t\t\t\t<\/div>\n\t\t\t\t<\/div>\n\t\t","protected":false},"excerpt":{"rendered":"<p>QUI SOMMES-NOUS Chez Sun &amp; Speed, nous red\u00e9finissons le luxe en mouvement. Avec une pr\u00e9sence croissante \u00e0 Canc\u00fan, y compris des emplacements phares \u00e0 La Isla et Luxury Avenue, ainsi que des partenariats exclusifs avec des h\u00f4tels et des services a\u00e9roportuaires de premier plan, nous sommes fiers de servir des clients o\u00f9 le luxe rencontre [&hellip;]<\/p>\n","protected":false},"author":1,"featured_media":0,"parent":0,"menu_order":0,"comment_status":"closed","ping_status":"closed","template":"elementor_header_footer","meta":{"footnotes":""},"class_list":["post-1877","page","type-page","status-publish","hentry"],"_links":{"self":[{"href":"https:\/\/sunandspeed.com\/fr\/wp-json\/wp\/v2\/pages\/1877","targetHints":{"allow":["GET"]}}],"collection":[{"href":"https:\/\/sunandspeed.com\/fr\/wp-json\/wp\/v2\/pages"}],"about":[{"href":"https:\/\/sunandspeed.com\/fr\/wp-json\/wp\/v2\/types\/page"}],"author":[{"embeddable":true,"href":"https:\/\/sunandspeed.com\/fr\/wp-json\/wp\/v2\/users\/1"}],"replies":[{"embeddable":true,"href":"https:\/\/sunandspeed.com\/fr\/wp-json\/wp\/v2\/comments?post=1877"}],"version-history":[{"count":1,"href":"https:\/\/sunandspeed.com\/fr\/wp-json\/wp\/v2\/pages\/1877\/revisions"}],"predecessor-version":[{"id":1879,"href":"https:\/\/sunandspeed.com\/fr\/wp-json\/wp\/v2\/pages\/1877\/revisions\/1879"}],"wp:attachment":[{"href":"https:\/\/sunandspeed.com\/fr\/wp-json\/wp\/v2\/media?parent=1877"}],"curies":[{"name":"wp","href":"https:\/\/api.w.org\/{rel}","templated":true}]}}