{"id":1874,"date":"2025-04-26T21:38:52","date_gmt":"2025-04-26T21:38:52","guid":{"rendered":"https:\/\/sunandspeed.com\/epreuves\/"},"modified":"2025-05-05T06:25:28","modified_gmt":"2025-05-05T06:25:28","slug":"epreuves","status":"publish","type":"page","link":"https:\/\/sunandspeed.com\/fr\/epreuves\/","title":{"rendered":"\u00c9preuves"},"content":{"rendered":"\t\t<div data-elementor-type=\"wp-page\" data-elementor-id=\"1874\" class=\"elementor elementor-1874 elementor-600\" data-elementor-post-type=\"page\">\n\t\t\t\t<div class=\"elementor-element elementor-element-a674892 e-flex e-con-boxed e-con e-parent\" data-id=\"a674892\" data-element_type=\"container\" data-settings=\"{&quot;background_background&quot;:&quot;classic&quot;}\">\n\t\t\t\t\t<div class=\"e-con-inner\">\n\t\t\t\t<div class=\"elementor-element elementor-element-9838318 elementor-widget elementor-widget-heading\" data-id=\"9838318\" data-element_type=\"widget\" data-widget_type=\"heading.default\">\n\t\t\t\t<div class=\"elementor-widget-container\">\n\t\t\t\t\t<h2 class=\"elementor-heading-title elementor-size-default\">\u00c9PREUVES<\/h2>\t\t\t\t<\/div>\n\t\t\t\t<\/div>\n\t\t\t\t<div class=\"elementor-element elementor-element-5b2a3b1 elementor-widget elementor-widget-text-editor\" data-id=\"5b2a3b1\" data-element_type=\"widget\" data-widget_type=\"text-editor.default\">\n\t\t\t\t<div class=\"elementor-widget-container\">\n\t\t\t\t\t\t\t\t\t<p>Vous cherchez \u00e0 rehausser votre \u00e9v\u00e9nement avec une touche de luxe ?<\/p>\t\t\t\t\t\t\t\t<\/div>\n\t\t\t\t<\/div>\n\t\t\t\t<div class=\"elementor-element elementor-element-06291e8 elementor-widget elementor-widget-text-editor\" data-id=\"06291e8\" data-element_type=\"widget\" data-widget_type=\"text-editor.default\">\n\t\t\t\t<div class=\"elementor-widget-container\">\n\t\t\t\t\t\t\t\t\tSun &amp; Speed propose des collaborations exclusives pour tous les types d\u2019\u00e9v\u00e9nements, des tournois de golf haut de gamme aux d\u00e9fil\u00e9s de mode, en passant par les expositions immobili\u00e8res, les lancements d\u2019entreprises et les c\u00e9l\u00e9brations priv\u00e9es.\t\t\t\t\t\t\t\t<\/div>\n\t\t\t\t<\/div>\n\t\t\t\t\t<\/div>\n\t\t\t\t<\/div>\n\t\t<div class=\"elementor-element elementor-element-f36f541 e-flex e-con-boxed e-con e-parent\" data-id=\"f36f541\" data-element_type=\"container\" data-settings=\"{&quot;background_background&quot;:&quot;classic&quot;}\">\n\t\t\t\t\t<div class=\"e-con-inner\">\n\t\t<div class=\"elementor-element elementor-element-56bdec9 e-con-full e-flex e-con e-child\" data-id=\"56bdec9\" data-element_type=\"container\">\n\t\t\t\t<div class=\"elementor-element elementor-element-8f86dda elementor-widget elementor-widget-image\" data-id=\"8f86dda\" data-element_type=\"widget\" data-widget_type=\"image.default\">\n\t\t\t\t<div class=\"elementor-widget-container\">\n\t\t\t\t\t\t\t\t\t\t\t\t\t\t\t<img fetchpriority=\"high\" decoding=\"async\" width=\"800\" height=\"800\" src=\"https:\/\/sunandspeed.com\/wp-content\/uploads\/2025\/04\/apsdois.webp\" class=\"attachment-large size-large wp-image-1583\" alt=\"\" \/>\t\t\t\t\t\t\t\t\t\t\t\t\t\t\t<\/div>\n\t\t\t\t<\/div>\n\t\t\t\t<\/div>\n\t\t<div class=\"elementor-element elementor-element-806b2ba e-con-full e-flex e-con e-child\" data-id=\"806b2ba\" data-element_type=\"container\">\n\t\t\t\t<div class=\"elementor-element elementor-element-17085b2 elementor-widget elementor-widget-heading\" data-id=\"17085b2\" data-element_type=\"widget\" data-widget_type=\"heading.default\">\n\t\t\t\t<div class=\"elementor-widget-container\">\n\t\t\t\t\t<h3 class=\"elementor-heading-title elementor-size-default\">VOITURES DE LUXE<\/h3>\t\t\t\t<\/div>\n\t\t\t\t<\/div>\n\t\t\t\t<div class=\"elementor-element elementor-element-e4dcc64 elementor-widget elementor-widget-text-editor\" data-id=\"e4dcc64\" data-element_type=\"widget\" data-widget_type=\"text-editor.default\">\n\t\t\t\t<div class=\"elementor-widget-container\">\n\t\t\t\t\t\t\t\t\t<p>Sun &amp; Speed propose des collaborations exclusives pour tous les types d\u2019\u00e9v\u00e9nements, des tournois de golf haut de gamme aux d\u00e9fil\u00e9s de mode, en passant par les expositions immobili\u00e8res, les lancements d\u2019entreprises et les c\u00e9l\u00e9brations priv\u00e9es.<\/p>\t\t\t\t\t\t\t\t<\/div>\n\t\t\t\t<\/div>\n\t\t\t\t<div class=\"elementor-element elementor-element-a6e4a70 elementor-widget elementor-widget-text-editor\" data-id=\"a6e4a70\" data-element_type=\"widget\" data-widget_type=\"text-editor.default\">\n\t\t\t\t<div class=\"elementor-widget-container\">\n\t\t\t\t\t\t\t\t\t<p>Notre flotte embl\u00e9matique de voitures de luxe et exotiques peut \u00eatre pr\u00e9sent\u00e9e dans votre \u00e9tablissement, cr\u00e9ant ainsi un impact visuel puissant qui laisse une impression durable. Qu\u2019il s\u2019agisse d\u2019un \u00e9v\u00e9nement public de grande envergure ou d\u2019un rassemblement VIP exclusif, nous assurons une pr\u00e9sence raffin\u00e9e et adapt\u00e9e \u00e0 votre public.<\/p>\t\t\t\t\t\t\t\t<\/div>\n\t\t\t\t<\/div>\n\t\t\t\t<\/div>\n\t\t\t\t\t<\/div>\n\t\t\t\t<\/div>\n\t\t<div class=\"elementor-element elementor-element-4c02c74 e-flex e-con-boxed e-con e-parent\" data-id=\"4c02c74\" data-element_type=\"container\" data-settings=\"{&quot;background_background&quot;:&quot;classic&quot;}\">\n\t\t\t\t\t<div class=\"e-con-inner\">\n\t\t<div class=\"elementor-element elementor-element-e5248a7 e-con-full e-flex e-con e-child\" data-id=\"e5248a7\" data-element_type=\"container\">\n\t\t\t\t<div class=\"elementor-element elementor-element-1261fc2 elementor-widget elementor-widget-text-editor\" data-id=\"1261fc2\" data-element_type=\"widget\" data-widget_type=\"text-editor.default\">\n\t\t\t\t<div class=\"elementor-widget-container\">\n\t\t\t\t\t\t\t\t\t<p><span style=\"font-weight: 400\">Nous participons \u00e9galement \u00e0 de grands \u00e9v\u00e9nements dans toute la r\u00e9gion et sommes toujours ouverts \u00e0 de nouveaux partenariats.<br><br>Si vous souhaitez collaborer avec Sun &amp; Speed ou inclure nos v\u00e9hicules dans votre prochain \u00e9v\u00e9nement, contactez-nous &#8211; nous sommes pr\u00eats \u00e0 apporter le luxe.<br><\/span><\/p>\t\t\t\t\t\t\t\t<\/div>\n\t\t\t\t<\/div>\n\t\t\t\t<\/div>\n\t\t<div class=\"elementor-element elementor-element-0cf0565 e-con-full e-flex e-con e-child\" data-id=\"0cf0565\" data-element_type=\"container\">\n\t\t\t\t<div class=\"elementor-element elementor-element-fed96bb elementor-widget elementor-widget-image\" data-id=\"fed96bb\" data-element_type=\"widget\" data-widget_type=\"image.default\">\n\t\t\t\t<div class=\"elementor-widget-container\">\n\t\t\t\t\t\t\t\t\t\t\t\t\t\t\t<img decoding=\"async\" width=\"800\" height=\"800\" src=\"https:\/\/sunandspeed.com\/wp-content\/uploads\/2025\/04\/apsoidfja.webp\" class=\"attachment-large size-large wp-image-1585\" alt=\"\" \/>\t\t\t\t\t\t\t\t\t\t\t\t\t\t\t<\/div>\n\t\t\t\t<\/div>\n\t\t\t\t<\/div>\n\t\t\t\t\t<\/div>\n\t\t\t\t<\/div>\n\t\t\t\t<\/div>\n\t\t","protected":false},"excerpt":{"rendered":"<p>\u00c9PREUVES Vous cherchez \u00e0 rehausser votre \u00e9v\u00e9nement avec une touche de luxe ? Sun &amp; Speed propose des collaborations exclusives pour tous les types d\u2019\u00e9v\u00e9nements, des tournois de golf haut de gamme aux d\u00e9fil\u00e9s de mode, en passant par les expositions immobili\u00e8res, les lancements d\u2019entreprises et les c\u00e9l\u00e9brations priv\u00e9es. VOITURES DE LUXE Sun &amp; Speed [&hellip;]<\/p>\n","protected":false},"author":1,"featured_media":0,"parent":0,"menu_order":0,"comment_status":"closed","ping_status":"closed","template":"elementor_header_footer","meta":{"footnotes":""},"class_list":["post-1874","page","type-page","status-publish","hentry"],"_links":{"self":[{"href":"https:\/\/sunandspeed.com\/fr\/wp-json\/wp\/v2\/pages\/1874","targetHints":{"allow":["GET"]}}],"collection":[{"href":"https:\/\/sunandspeed.com\/fr\/wp-json\/wp\/v2\/pages"}],"about":[{"href":"https:\/\/sunandspeed.com\/fr\/wp-json\/wp\/v2\/types\/page"}],"author":[{"embeddable":true,"href":"https:\/\/sunandspeed.com\/fr\/wp-json\/wp\/v2\/users\/1"}],"replies":[{"embeddable":true,"href":"https:\/\/sunandspeed.com\/fr\/wp-json\/wp\/v2\/comments?post=1874"}],"version-history":[{"count":1,"href":"https:\/\/sunandspeed.com\/fr\/wp-json\/wp\/v2\/pages\/1874\/revisions"}],"predecessor-version":[{"id":1878,"href":"https:\/\/sunandspeed.com\/fr\/wp-json\/wp\/v2\/pages\/1874\/revisions\/1878"}],"wp:attachment":[{"href":"https:\/\/sunandspeed.com\/fr\/wp-json\/wp\/v2\/media?parent=1874"}],"curies":[{"name":"wp","href":"https:\/\/api.w.org\/{rel}","templated":true}]}}