{"id":1873,"date":"2025-04-28T02:38:07","date_gmt":"2025-04-28T02:38:07","guid":{"rendered":"https:\/\/sunandspeed.com\/mariages\/"},"modified":"2025-09-23T20:13:38","modified_gmt":"2025-09-23T20:13:38","slug":"mariages","status":"publish","type":"page","link":"https:\/\/sunandspeed.com\/fr\/mariages\/","title":{"rendered":"Mariages"},"content":{"rendered":"\t\t<div data-elementor-type=\"wp-page\" data-elementor-id=\"1873\" class=\"elementor elementor-1873 elementor-842\" data-elementor-post-type=\"page\">\n\t\t\t\t<div class=\"elementor-element elementor-element-584b49c5 e-flex e-con-boxed e-con e-parent\" data-id=\"584b49c5\" data-element_type=\"container\" data-settings=\"{&quot;background_background&quot;:&quot;classic&quot;}\">\n\t\t\t\t\t<div class=\"e-con-inner\">\n\t\t\t\t<div class=\"elementor-element elementor-element-32bacc09 elementor-widget elementor-widget-heading\" data-id=\"32bacc09\" data-element_type=\"widget\" data-widget_type=\"heading.default\">\n\t\t\t\t<div class=\"elementor-widget-container\">\n\t\t\t\t\t<h2 class=\"elementor-heading-title elementor-size-default\">MARIAGES<\/h2>\t\t\t\t<\/div>\n\t\t\t\t<\/div>\n\t\t\t\t<div class=\"elementor-element elementor-element-3ffd24f8 elementor-widget elementor-widget-spacer\" data-id=\"3ffd24f8\" data-element_type=\"widget\" data-widget_type=\"spacer.default\">\n\t\t\t\t<div class=\"elementor-widget-container\">\n\t\t\t\t\t\t\t<div class=\"elementor-spacer\">\n\t\t\t<div class=\"elementor-spacer-inner\"><\/div>\n\t\t<\/div>\n\t\t\t\t\t\t<\/div>\n\t\t\t\t<\/div>\n\t\t\t\t<div class=\"elementor-element elementor-element-c2ea6aa elementor-widget elementor-widget-text-editor\" data-id=\"c2ea6aa\" data-element_type=\"widget\" data-widget_type=\"text-editor.default\">\n\t\t\t\t<div class=\"elementor-widget-container\">\n\t\t\t\t\t\t\t\t\t<p>Chez Sun &amp; Speed, nous savons que votre mariage est plus qu\u2019une simple journ\u00e9e<\/p>\t\t\t\t\t\t\t\t<\/div>\n\t\t\t\t<\/div>\n\t\t\t\t<div class=\"elementor-element elementor-element-9832e41 elementor-widget elementor-widget-text-editor\" data-id=\"9832e41\" data-element_type=\"widget\" data-widget_type=\"text-editor.default\">\n\t\t\t\t<div class=\"elementor-widget-container\">\n\t\t\t\t\t\t\t\t\t<p>C\u2019est un souvenir pour la vie<\/p>\t\t\t\t\t\t\t\t<\/div>\n\t\t\t\t<\/div>\n\t\t\t\t<div class=\"elementor-element elementor-element-2e372db5 elementor-widget elementor-widget-spacer\" data-id=\"2e372db5\" data-element_type=\"widget\" data-widget_type=\"spacer.default\">\n\t\t\t\t<div class=\"elementor-widget-container\">\n\t\t\t\t\t\t\t<div class=\"elementor-spacer\">\n\t\t\t<div class=\"elementor-spacer-inner\"><\/div>\n\t\t<\/div>\n\t\t\t\t\t\t<\/div>\n\t\t\t\t<\/div>\n\t\t\t\t\t<\/div>\n\t\t\t\t<\/div>\n\t\t<div class=\"elementor-element elementor-element-7eeb9ade e-flex e-con-boxed e-con e-parent\" data-id=\"7eeb9ade\" data-element_type=\"container\" data-settings=\"{&quot;background_background&quot;:&quot;classic&quot;}\">\n\t\t\t\t\t<div class=\"e-con-inner\">\n\t\t<div class=\"elementor-element elementor-element-3da3870d e-con-full e-flex e-con e-child\" data-id=\"3da3870d\" data-element_type=\"container\">\n\t\t\t\t<div class=\"elementor-element elementor-element-57eba958 elementor-widget elementor-widget-image\" data-id=\"57eba958\" data-element_type=\"widget\" data-widget_type=\"image.default\">\n\t\t\t\t<div class=\"elementor-widget-container\">\n\t\t\t\t\t\t\t\t\t\t\t\t\t\t\t<img fetchpriority=\"high\" decoding=\"async\" width=\"800\" height=\"800\" src=\"https:\/\/sunandspeed.com\/wp-content\/uploads\/2025\/04\/jhnkm.webp\" class=\"attachment-large size-large wp-image-1541\" alt=\"\" \/>\t\t\t\t\t\t\t\t\t\t\t\t\t\t\t<\/div>\n\t\t\t\t<\/div>\n\t\t\t\t<\/div>\n\t\t<div class=\"elementor-element elementor-element-1e580d0 e-con-full e-flex e-con e-child\" data-id=\"1e580d0\" data-element_type=\"container\">\n\t\t\t\t<div class=\"elementor-element elementor-element-7b49e6cf elementor-widget elementor-widget-text-editor\" data-id=\"7b49e6cf\" data-element_type=\"widget\" data-widget_type=\"text-editor.default\">\n\t\t\t\t<div class=\"elementor-widget-container\">\n\t\t\t\t\t\t\t\t\t<p>C\u2019est pourquoi nous offrons aux couples la possibilit\u00e9 d\u2019ajouter une touche de luxe et d\u2019\u00e9motion \u00e0 leur moment sp\u00e9cial. Que vous souhaitiez arriver avec style, capturer des photos inoubliables ou simplement avoir un impact sur votre site, nous sommes l\u00e0 pour donner vie \u00e0 votre vision.<\/p>\t\t\t\t\t\t\t\t<\/div>\n\t\t\t\t<\/div>\n\t\t\t\t<div class=\"elementor-element elementor-element-f4a3902 elementor-widget elementor-widget-text-editor\" data-id=\"f4a3902\" data-element_type=\"widget\" data-widget_type=\"text-editor.default\">\n\t\t\t\t<div class=\"elementor-widget-container\">\n\t\t\t\t\t\t\t\t\t<p>Vous pouvez louer une voiture de luxe pour toute la journ\u00e9e afin de vous promener en tant que jeunes mari\u00e9s ou choisir d\u2019exposer l\u2019un de nos superbes mod\u00e8les pendant une heure pendant votre \u00e9v\u00e9nement &#8211; parfait pour des s\u00e9ances de photos et des entr\u00e9es inoubliables.<\/p>\t\t\t\t\t\t\t\t<\/div>\n\t\t\t\t<\/div>\n\t\t\t\t<\/div>\n\t\t\t\t\t<\/div>\n\t\t\t\t<\/div>\n\t\t<div class=\"elementor-element elementor-element-70a443b2 e-flex e-con-boxed e-con e-parent\" data-id=\"70a443b2\" data-element_type=\"container\" data-settings=\"{&quot;background_background&quot;:&quot;classic&quot;}\">\n\t\t\t\t\t<div class=\"e-con-inner\">\n\t\t<div class=\"elementor-element elementor-element-3885b53f e-con-full e-flex e-con e-child\" data-id=\"3885b53f\" data-element_type=\"container\">\n\t\t\t\t<div class=\"elementor-element elementor-element-5c670081 elementor-widget elementor-widget-text-editor\" data-id=\"5c670081\" data-element_type=\"widget\" data-widget_type=\"text-editor.default\">\n\t\t\t\t<div class=\"elementor-widget-container\">\n\t\t\t\t\t\t\t\t\t<p><span style=\"font-weight: 400\">Nous offrons des forfaits personnalis\u00e9s et des prix sp\u00e9ciaux exclusivement pour les mariages. Les organisateurs de mariage sont \u00e9galement invit\u00e9s \u00e0 collaborer avec nous pour cr\u00e9er des exp\u00e9riences fluides et haut de gamme pour leurs clients.<\/span><\/p>\t\t\t\t\t\t\t\t<\/div>\n\t\t\t\t<\/div>\n\t\t\t\t<div class=\"elementor-element elementor-element-1e0c3cc elementor-widget elementor-widget-text-editor\" data-id=\"1e0c3cc\" data-element_type=\"widget\" data-widget_type=\"text-editor.default\">\n\t\t\t\t<div class=\"elementor-widget-container\">\n\t\t\t\t\t\t\t\t\t<p><span style=\"font-weight: 400\">Qu\u2019il s\u2019agisse d\u2019une voiture ou d\u2019une flotte compl\u00e8te, Sun &amp; Speed est votre partenaire en mati\u00e8re de luxe, d\u2019\u00e9l\u00e9gance et de d\u00e9buts inoubliables.<\/span><\/p>\t\t\t\t\t\t\t\t<\/div>\n\t\t\t\t<\/div>\n\t\t\t\t<\/div>\n\t\t<div class=\"elementor-element elementor-element-9661bc4 e-con-full e-flex e-con e-child\" data-id=\"9661bc4\" data-element_type=\"container\">\n\t\t\t\t<div class=\"elementor-element elementor-element-59e6c624 elementor-widget elementor-widget-image\" data-id=\"59e6c624\" data-element_type=\"widget\" data-widget_type=\"image.default\">\n\t\t\t\t<div class=\"elementor-widget-container\">\n\t\t\t\t\t\t\t\t\t\t\t\t\t\t\t<img decoding=\"async\" width=\"800\" height=\"800\" src=\"https:\/\/sunandspeed.com\/wp-content\/uploads\/2025\/04\/ctvy.webp\" class=\"attachment-large size-large wp-image-1543\" alt=\"\" \/>\t\t\t\t\t\t\t\t\t\t\t\t\t\t\t<\/div>\n\t\t\t\t<\/div>\n\t\t\t\t<\/div>\n\t\t\t\t\t<\/div>\n\t\t\t\t<\/div>\n\t\t\t\t<\/div>\n\t\t","protected":false},"excerpt":{"rendered":"<p>MARIAGES Chez Sun &amp; Speed, nous savons que votre mariage est plus qu\u2019une simple journ\u00e9e C\u2019est un souvenir pour la vie C\u2019est pourquoi nous offrons aux couples la possibilit\u00e9 d\u2019ajouter une touche de luxe et d\u2019\u00e9motion \u00e0 leur moment sp\u00e9cial. Que vous souhaitiez arriver avec style, capturer des photos inoubliables ou simplement avoir un impact [&hellip;]<\/p>\n","protected":false},"author":1,"featured_media":0,"parent":0,"menu_order":0,"comment_status":"closed","ping_status":"closed","template":"elementor_header_footer","meta":{"footnotes":""},"class_list":["post-1873","page","type-page","status-publish","hentry"],"_links":{"self":[{"href":"https:\/\/sunandspeed.com\/fr\/wp-json\/wp\/v2\/pages\/1873","targetHints":{"allow":["GET"]}}],"collection":[{"href":"https:\/\/sunandspeed.com\/fr\/wp-json\/wp\/v2\/pages"}],"about":[{"href":"https:\/\/sunandspeed.com\/fr\/wp-json\/wp\/v2\/types\/page"}],"author":[{"embeddable":true,"href":"https:\/\/sunandspeed.com\/fr\/wp-json\/wp\/v2\/users\/1"}],"replies":[{"embeddable":true,"href":"https:\/\/sunandspeed.com\/fr\/wp-json\/wp\/v2\/comments?post=1873"}],"version-history":[{"count":2,"href":"https:\/\/sunandspeed.com\/fr\/wp-json\/wp\/v2\/pages\/1873\/revisions"}],"predecessor-version":[{"id":2343,"href":"https:\/\/sunandspeed.com\/fr\/wp-json\/wp\/v2\/pages\/1873\/revisions\/2343"}],"wp:attachment":[{"href":"https:\/\/sunandspeed.com\/fr\/wp-json\/wp\/v2\/media?parent=1873"}],"curies":[{"name":"wp","href":"https:\/\/api.w.org\/{rel}","templated":true}]}}