{"id":1841,"date":"2025-04-23T17:16:54","date_gmt":"2025-04-23T17:16:54","guid":{"rendered":"https:\/\/sunandspeed.com\/domicile\/"},"modified":"2025-05-14T17:25:55","modified_gmt":"2025-05-14T17:25:55","slug":"domicile","status":"publish","type":"page","link":"https:\/\/sunandspeed.com\/fr\/","title":{"rendered":"Domicile"},"content":{"rendered":"\t\t<div data-elementor-type=\"wp-page\" data-elementor-id=\"1841\" class=\"elementor elementor-1841 elementor-10\" data-elementor-post-type=\"page\">\n\t\t\t\t<div class=\"elementor-element elementor-element-fb9fa51 e-con-full elementor-hidden-mobile e-flex e-con e-parent\" data-id=\"fb9fa51\" data-element_type=\"container\" data-settings=\"{&quot;background_background&quot;:&quot;slideshow&quot;,&quot;background_slideshow_gallery&quot;:[{&quot;id&quot;:23,&quot;url&quot;:&quot;https:\\\/\\\/sunandspeed.com\\\/wp-content\\\/uploads\\\/2025\\\/04\\\/WhatsApp-Image-2025-04-22-at-8.15.46-AM.jpeg&quot;}],&quot;background_slideshow_slide_duration&quot;:2500,&quot;background_slideshow_ken_burns&quot;:&quot;yes&quot;,&quot;background_slideshow_loop&quot;:&quot;yes&quot;,&quot;background_slideshow_slide_transition&quot;:&quot;fade&quot;,&quot;background_slideshow_transition_duration&quot;:500,&quot;background_slideshow_ken_burns_zoom_direction&quot;:&quot;in&quot;}\">\n\t\t\t\t<div class=\"elementor-element elementor-element-b2ceb81 elementor-widget elementor-widget-heading\" data-id=\"b2ceb81\" data-element_type=\"widget\" data-widget_type=\"heading.default\">\n\t\t\t\t<div class=\"elementor-widget-container\">\n\t\t\t\t\t<h2 class=\"elementor-heading-title elementor-size-default\">CONDUISEZ LE R\u00caVE.  <br>APPROPRIEZ-VOUS LE MOMENT.<\/h2>\t\t\t\t<\/div>\n\t\t\t\t<\/div>\n\t\t\t\t<div class=\"elementor-element elementor-element-0e553a5 elementor-widget elementor-widget-heading\" data-id=\"0e553a5\" data-element_type=\"widget\" data-widget_type=\"heading.default\">\n\t\t\t\t<div class=\"elementor-widget-container\">\n\t\t\t\t\t<h3 class=\"elementor-heading-title elementor-size-default\">Commencez l\u2019exp\u00e9rience. Appuyez sur notre navigation et d\u00e9bloquez un monde d\u2019exclusivit\u00e9.<\/h3>\t\t\t\t<\/div>\n\t\t\t\t<\/div>\n\t\t\t\t<div class=\"elementor-element elementor-element-9eb93b6 elementor-widget elementor-widget-spacer\" data-id=\"9eb93b6\" data-element_type=\"widget\" data-widget_type=\"spacer.default\">\n\t\t\t\t<div class=\"elementor-widget-container\">\n\t\t\t\t\t\t\t<div class=\"elementor-spacer\">\n\t\t\t<div class=\"elementor-spacer-inner\"><\/div>\n\t\t<\/div>\n\t\t\t\t\t\t<\/div>\n\t\t\t\t<\/div>\n\t\t\t\t<div class=\"elementor-element elementor-element-981cdb3 elementor-widget elementor-widget-heading\" data-id=\"981cdb3\" data-element_type=\"widget\" data-widget_type=\"heading.default\">\n\t\t\t\t<div class=\"elementor-widget-container\">\n\t\t\t\t\t<h2 class=\"elementor-heading-title elementor-size-default\">LOCATIONS EXCLUSIVES<\/h2>\t\t\t\t<\/div>\n\t\t\t\t<\/div>\n\t\t\t\t<div class=\"elementor-element elementor-element-814f5b6 elementor-widget elementor-widget-heading\" data-id=\"814f5b6\" data-element_type=\"widget\" data-widget_type=\"heading.default\">\n\t\t\t\t<div class=\"elementor-widget-container\">\n\t\t\t\t\t<h3 class=\"elementor-heading-title elementor-size-default\">PAS SEULEMENT UNE VOITURE. MAIS UNE D\u00c9CLARATION DE LUXE<\/h3>\t\t\t\t<\/div>\n\t\t\t\t<\/div>\n\t\t\t\t<div class=\"elementor-element elementor-element-83ccda2 elementor-widget elementor-widget-heading\" data-id=\"83ccda2\" data-element_type=\"widget\" data-widget_type=\"heading.default\">\n\t\t\t\t<div class=\"elementor-widget-container\">\n\t\t\t\t\t<h3 class=\"elementor-heading-title elementor-size-default\">DISPONIBLE DE CANCUN \u00c0 TULUM<\/h3>\t\t\t\t<\/div>\n\t\t\t\t<\/div>\n\t\t\t\t<\/div>\n\t\t<div class=\"elementor-element elementor-element-4b83d23 e-con-full elementor-hidden-desktop elementor-hidden-tablet e-flex e-con e-parent\" data-id=\"4b83d23\" data-element_type=\"container\" data-settings=\"{&quot;background_background&quot;:&quot;slideshow&quot;,&quot;background_slideshow_gallery&quot;:[{&quot;id&quot;:1159,&quot;url&quot;:&quot;https:\\\/\\\/sunandspeed.com\\\/wp-content\\\/uploads\\\/2025\\\/04\\\/Recurso-16sunspeed.jpg&quot;}],&quot;background_slideshow_slide_duration&quot;:2500,&quot;background_slideshow_ken_burns&quot;:&quot;yes&quot;,&quot;background_slideshow_loop&quot;:&quot;yes&quot;,&quot;background_slideshow_slide_transition&quot;:&quot;fade&quot;,&quot;background_slideshow_transition_duration&quot;:500,&quot;background_slideshow_ken_burns_zoom_direction&quot;:&quot;in&quot;}\">\n\t\t\t\t<div class=\"elementor-element elementor-element-7a8b53e elementor-widget elementor-widget-heading\" data-id=\"7a8b53e\" data-element_type=\"widget\" data-widget_type=\"heading.default\">\n\t\t\t\t<div class=\"elementor-widget-container\">\n\t\t\t\t\t<h2 class=\"elementor-heading-title elementor-size-default\">CONDUISEZ LE R\u00caVE.  <br>APPROPRIEZ-VOUS LE MOMENT.<\/h2>\t\t\t\t<\/div>\n\t\t\t\t<\/div>\n\t\t\t\t<div class=\"elementor-element elementor-element-481dd60 elementor-widget elementor-widget-heading\" data-id=\"481dd60\" data-element_type=\"widget\" data-widget_type=\"heading.default\">\n\t\t\t\t<div class=\"elementor-widget-container\">\n\t\t\t\t\t<h3 class=\"elementor-heading-title elementor-size-default\">Commencez l\u2019exp\u00e9rience. Appuyez sur notre navigation et d\u00e9bloquez un monde d\u2019exclusivit\u00e9.<\/h3>\t\t\t\t<\/div>\n\t\t\t\t<\/div>\n\t\t\t\t<div class=\"elementor-element elementor-element-39799df elementor-widget elementor-widget-spacer\" data-id=\"39799df\" data-element_type=\"widget\" data-widget_type=\"spacer.default\">\n\t\t\t\t<div class=\"elementor-widget-container\">\n\t\t\t\t\t\t\t<div class=\"elementor-spacer\">\n\t\t\t<div class=\"elementor-spacer-inner\"><\/div>\n\t\t<\/div>\n\t\t\t\t\t\t<\/div>\n\t\t\t\t<\/div>\n\t\t\t\t<div class=\"elementor-element elementor-element-08e389b elementor-widget elementor-widget-heading\" data-id=\"08e389b\" data-element_type=\"widget\" data-widget_type=\"heading.default\">\n\t\t\t\t<div class=\"elementor-widget-container\">\n\t\t\t\t\t<h2 class=\"elementor-heading-title elementor-size-default\">LOCATIONS EXCLUSIVES<\/h2>\t\t\t\t<\/div>\n\t\t\t\t<\/div>\n\t\t\t\t<div class=\"elementor-element elementor-element-99f23ab elementor-widget elementor-widget-heading\" data-id=\"99f23ab\" data-element_type=\"widget\" data-widget_type=\"heading.default\">\n\t\t\t\t<div class=\"elementor-widget-container\">\n\t\t\t\t\t<h3 class=\"elementor-heading-title elementor-size-default\">PAS SEULEMENT UNE VOITURE. MAIS UNE D\u00c9CLARATION DE LUXE<\/h3>\t\t\t\t<\/div>\n\t\t\t\t<\/div>\n\t\t\t\t<div class=\"elementor-element elementor-element-e4a73b0 elementor-widget elementor-widget-heading\" data-id=\"e4a73b0\" data-element_type=\"widget\" data-widget_type=\"heading.default\">\n\t\t\t\t<div class=\"elementor-widget-container\">\n\t\t\t\t\t<h3 class=\"elementor-heading-title elementor-size-default\">DISPONIBLE DE CANCUN \u00c0 TULUM<\/h3>\t\t\t\t<\/div>\n\t\t\t\t<\/div>\n\t\t\t\t<\/div>\n\t\t\t\t<\/div>\n\t\t","protected":false},"excerpt":{"rendered":"<p>CONDUISEZ LE R\u00caVE. APPROPRIEZ-VOUS LE MOMENT. Commencez l\u2019exp\u00e9rience. Appuyez sur notre navigation et d\u00e9bloquez un monde d\u2019exclusivit\u00e9. LOCATIONS EXCLUSIVES PAS SEULEMENT UNE VOITURE. MAIS UNE D\u00c9CLARATION DE LUXE DISPONIBLE DE CANCUN \u00c0 TULUM CONDUISEZ LE R\u00caVE. APPROPRIEZ-VOUS LE MOMENT. Commencez l\u2019exp\u00e9rience. Appuyez sur notre navigation et d\u00e9bloquez un monde d\u2019exclusivit\u00e9. LOCATIONS EXCLUSIVES PAS SEULEMENT UNE [&hellip;]<\/p>\n","protected":false},"author":1,"featured_media":0,"parent":0,"menu_order":0,"comment_status":"closed","ping_status":"closed","template":"elementor_header_footer","meta":{"footnotes":""},"class_list":["post-1841","page","type-page","status-publish","hentry"],"_links":{"self":[{"href":"https:\/\/sunandspeed.com\/fr\/wp-json\/wp\/v2\/pages\/1841","targetHints":{"allow":["GET"]}}],"collection":[{"href":"https:\/\/sunandspeed.com\/fr\/wp-json\/wp\/v2\/pages"}],"about":[{"href":"https:\/\/sunandspeed.com\/fr\/wp-json\/wp\/v2\/types\/page"}],"author":[{"embeddable":true,"href":"https:\/\/sunandspeed.com\/fr\/wp-json\/wp\/v2\/users\/1"}],"replies":[{"embeddable":true,"href":"https:\/\/sunandspeed.com\/fr\/wp-json\/wp\/v2\/comments?post=1841"}],"version-history":[{"count":1,"href":"https:\/\/sunandspeed.com\/fr\/wp-json\/wp\/v2\/pages\/1841\/revisions"}],"predecessor-version":[{"id":1844,"href":"https:\/\/sunandspeed.com\/fr\/wp-json\/wp\/v2\/pages\/1841\/revisions\/1844"}],"wp:attachment":[{"href":"https:\/\/sunandspeed.com\/fr\/wp-json\/wp\/v2\/media?parent=1841"}],"curies":[{"name":"wp","href":"https:\/\/api.w.org\/{rel}","templated":true}]}}