{"id":1884,"date":"2025-04-28T02:37:25","date_gmt":"2025-04-28T02:37:25","guid":{"rendered":"https:\/\/sunandspeed.com\/dia-de-compras\/"},"modified":"2025-05-05T06:25:29","modified_gmt":"2025-05-05T06:25:29","slug":"dia-de-compras","status":"publish","type":"page","link":"https:\/\/sunandspeed.com\/es\/dia-de-compras\/","title":{"rendered":"D\u00eda de compras"},"content":{"rendered":"\t\t<div data-elementor-type=\"wp-page\" data-elementor-id=\"1884\" class=\"elementor elementor-1884\" data-elementor-post-type=\"page\">\n\t\t\t\t<div class=\"elementor-element elementor-element-479785b4 e-flex e-con-boxed e-con e-parent\" data-id=\"479785b4\" data-element_type=\"container\" data-settings=\"{&quot;background_background&quot;:&quot;classic&quot;}\">\n\t\t\t\t\t<div class=\"e-con-inner\">\n\t\t\t\t<div class=\"elementor-element elementor-element-7b1155bb elementor-widget elementor-widget-heading\" data-id=\"7b1155bb\" data-element_type=\"widget\" data-widget_type=\"heading.default\">\n\t\t\t\t<div class=\"elementor-widget-container\">\n\t\t\t\t\t<h2 class=\"elementor-heading-title elementor-size-default\">D\u00cdA DE COMPRAS<\/h2>\t\t\t\t<\/div>\n\t\t\t\t<\/div>\n\t\t\t\t<div class=\"elementor-element elementor-element-6da2ac28 elementor-widget elementor-widget-text-editor\" data-id=\"6da2ac28\" data-element_type=\"widget\" data-widget_type=\"text-editor.default\">\n\t\t\t\t<div class=\"elementor-widget-container\">\n\t\t\t\t\t\t\t\t\t<p>Convierte tu d\u00eda de compras en una declaraci\u00f3n de estilo y sofisticaci\u00f3n.<\/p>\t\t\t\t\t\t\t\t<\/div>\n\t\t\t\t<\/div>\n\t\t\t\t<div class=\"elementor-element elementor-element-5c9f2650 elementor-widget elementor-widget-spacer\" data-id=\"5c9f2650\" data-element_type=\"widget\" data-widget_type=\"spacer.default\">\n\t\t\t\t<div class=\"elementor-widget-container\">\n\t\t\t\t\t\t\t<div class=\"elementor-spacer\">\n\t\t\t<div class=\"elementor-spacer-inner\"><\/div>\n\t\t<\/div>\n\t\t\t\t\t\t<\/div>\n\t\t\t\t<\/div>\n\t\t\t\t<div class=\"elementor-element elementor-element-9fcdd75 elementor-widget elementor-widget-text-editor\" data-id=\"9fcdd75\" data-element_type=\"widget\" data-widget_type=\"text-editor.default\">\n\t\t\t\t<div class=\"elementor-widget-container\">\n\t\t\t\t\t\t\t\t\t<p><span style=\"font-weight: 400\">Elige el coche de tus sue\u00f1os<\/span><\/p>\t\t\t\t\t\t\t\t<\/div>\n\t\t\t\t<\/div>\n\t\t\t\t<div class=\"elementor-element elementor-element-2438dd77 elementor-widget elementor-widget-text-editor\" data-id=\"2438dd77\" data-element_type=\"widget\" data-widget_type=\"text-editor.default\">\n\t\t\t\t<div class=\"elementor-widget-container\">\n\t\t\t\t\t\t\t\t\t<p><span style=\"font-weight: 400\">Ya sea un Ferrari, un Lamborghini o un McLaren, y deja que Sun &amp; Speed eleve tu experiencia.<\/span><\/p>\t\t\t\t\t\t\t\t<\/div>\n\t\t\t\t<\/div>\n\t\t\t\t<div class=\"elementor-element elementor-element-15315e64 elementor-widget elementor-widget-spacer\" data-id=\"15315e64\" data-element_type=\"widget\" data-widget_type=\"spacer.default\">\n\t\t\t\t<div class=\"elementor-widget-container\">\n\t\t\t\t\t\t\t<div class=\"elementor-spacer\">\n\t\t\t<div class=\"elementor-spacer-inner\"><\/div>\n\t\t<\/div>\n\t\t\t\t\t\t<\/div>\n\t\t\t\t<\/div>\n\t\t\t\t\t<\/div>\n\t\t\t\t<\/div>\n\t\t<div class=\"elementor-element elementor-element-648062de e-flex e-con-boxed e-con e-parent\" data-id=\"648062de\" data-element_type=\"container\" data-settings=\"{&quot;background_background&quot;:&quot;classic&quot;}\">\n\t\t\t\t\t<div class=\"e-con-inner\">\n\t\t<div class=\"elementor-element elementor-element-4e8d33a0 e-con-full e-flex e-con e-child\" data-id=\"4e8d33a0\" data-element_type=\"container\">\n\t\t\t\t<div class=\"elementor-element elementor-element-580d07aa elementor-widget elementor-widget-image\" data-id=\"580d07aa\" data-element_type=\"widget\" data-widget_type=\"image.default\">\n\t\t\t\t<div class=\"elementor-widget-container\">\n\t\t\t\t\t\t\t\t\t\t\t\t\t\t\t<img fetchpriority=\"high\" decoding=\"async\" width=\"800\" height=\"800\" src=\"https:\/\/sunandspeed.com\/wp-content\/uploads\/2025\/04\/asdpofas.webp\" class=\"attachment-large size-large wp-image-1596\" alt=\"\" \/>\t\t\t\t\t\t\t\t\t\t\t\t\t\t\t<\/div>\n\t\t\t\t<\/div>\n\t\t\t\t<\/div>\n\t\t<div class=\"elementor-element elementor-element-696dd23a e-con-full e-flex e-con e-child\" data-id=\"696dd23a\" data-element_type=\"container\">\n\t\t\t\t<div class=\"elementor-element elementor-element-7503c966 elementor-widget elementor-widget-text-editor\" data-id=\"7503c966\" data-element_type=\"widget\" data-widget_type=\"text-editor.default\">\n\t\t\t\t<div class=\"elementor-widget-container\">\n\t\t\t\t\t\t\t\t\t<p><span style=\"font-weight: 400\">Nuestro Range Rover con chofer, vestido completamente de negro, lo seguir\u00e1 discretamente por Canc\u00fan o La Isla, listo para llevar sus maletas, manejar sus prendas con cuidado y entregarlo todo en su hotel, planchado y organizado, incluso colgado en su armario.<\/span><span style=\"font-weight: 400\"><br><\/span><\/p>\t\t\t\t\t\t\t\t<\/div>\n\t\t\t\t<\/div>\n\t\t\t\t<\/div>\n\t\t\t\t\t<\/div>\n\t\t\t\t<\/div>\n\t\t<div class=\"elementor-element elementor-element-6d0d7de6 e-flex e-con-boxed e-con e-parent\" data-id=\"6d0d7de6\" data-element_type=\"container\" data-settings=\"{&quot;background_background&quot;:&quot;classic&quot;}\">\n\t\t\t\t\t<div class=\"e-con-inner\">\n\t\t<div class=\"elementor-element elementor-element-4d063c89 e-con-full e-flex e-con e-child\" data-id=\"4d063c89\" data-element_type=\"container\">\n\t\t\t\t<div class=\"elementor-element elementor-element-67579d50 elementor-widget elementor-widget-text-editor\" data-id=\"67579d50\" data-element_type=\"widget\" data-widget_type=\"text-editor.default\">\n\t\t\t\t<div class=\"elementor-widget-container\">\n\t\t\t\t\t\t\t\t\t<p><span style=\"font-weight: 400\">Como hu\u00e9sped de Sun &amp; Speed, se le trata como un VIP en cada boutique. Organizamos citas privadas de compras en las mejores tiendas de Canc\u00fan, asegur\u00e1ndonos de que sea recibido personalmente con atenci\u00f3n personalizada y un servicio de lujo. Mantenemos relaciones directas con las mejores boutiques para garantizar un acceso privilegiado.<\/span><span style=\"font-weight: 400\"><br><\/span><\/p>\t\t\t\t\t\t\t\t<\/div>\n\t\t\t\t<\/div>\n\t\t\t\t<\/div>\n\t\t<div class=\"elementor-element elementor-element-1d312502 e-con-full e-flex e-con e-child\" data-id=\"1d312502\" data-element_type=\"container\">\n\t\t\t\t<div class=\"elementor-element elementor-element-4a473f06 elementor-widget elementor-widget-image\" data-id=\"4a473f06\" data-element_type=\"widget\" data-widget_type=\"image.default\">\n\t\t\t\t<div class=\"elementor-widget-container\">\n\t\t\t\t\t\t\t\t\t\t\t\t\t\t\t<img decoding=\"async\" width=\"800\" height=\"800\" src=\"https:\/\/sunandspeed.com\/wp-content\/uploads\/2025\/04\/vpzoxicjvzxc\u00b4.webp\" class=\"attachment-large size-large wp-image-1594\" alt=\"\" \/>\t\t\t\t\t\t\t\t\t\t\t\t\t\t\t<\/div>\n\t\t\t\t<\/div>\n\t\t\t\t<\/div>\n\t\t\t\t\t<\/div>\n\t\t\t\t<\/div>\n\t\t<div class=\"elementor-element elementor-element-73d0979c e-flex e-con-boxed e-con e-parent\" data-id=\"73d0979c\" data-element_type=\"container\" data-settings=\"{&quot;background_background&quot;:&quot;classic&quot;}\">\n\t\t\t\t\t<div class=\"e-con-inner\">\n\t\t<div class=\"elementor-element elementor-element-2db2b076 e-con-full e-flex e-con e-child\" data-id=\"2db2b076\" data-element_type=\"container\">\n\t\t\t\t<div class=\"elementor-element elementor-element-4cdcdd6d elementor-widget elementor-widget-text-editor\" data-id=\"4cdcdd6d\" data-element_type=\"widget\" data-widget_type=\"text-editor.default\">\n\t\t\t\t<div class=\"elementor-widget-container\">\n\t\t\t\t\t\t\t\t\t<p>Nuestro equipo ofrece asistencia total dentro de las boutiques, garantizando comodidad, seguridad y lujo en cada paso. Esto no es solo un viaje de compras.<\/p>\t\t\t\t\t\t\t\t<\/div>\n\t\t\t\t<\/div>\n\t\t\t\t<div class=\"elementor-element elementor-element-65569067 elementor-widget elementor-widget-text-editor\" data-id=\"65569067\" data-element_type=\"widget\" data-widget_type=\"text-editor.default\">\n\t\t\t\t<div class=\"elementor-widget-container\">\n\t\t\t\t\t\t\t\t\t<p><span style=\"font-weight: 400\">Es una experiencia de estilo de vida curada.<\/span><\/p><p><br style=\"font-weight: 400\"><br><\/p>\t\t\t\t\t\t\t\t<\/div>\n\t\t\t\t<\/div>\n\t\t\t\t<\/div>\n\t\t\t\t\t<\/div>\n\t\t\t\t<\/div>\n\t\t\t\t<\/div>\n\t\t","protected":false},"excerpt":{"rendered":"<p>D\u00cdA DE COMPRAS Convierte tu d\u00eda de compras en una declaraci\u00f3n de estilo y sofisticaci\u00f3n. Elige el coche de tus sue\u00f1os Ya sea un Ferrari, un Lamborghini o un McLaren, y deja que Sun &amp; Speed eleve tu experiencia. Nuestro Range Rover con chofer, vestido completamente de negro, lo seguir\u00e1 discretamente por Canc\u00fan o La [&hellip;]<\/p>\n","protected":false},"author":1,"featured_media":0,"parent":0,"menu_order":0,"comment_status":"closed","ping_status":"closed","template":"elementor_header_footer","meta":{"footnotes":""},"class_list":["post-1884","page","type-page","status-publish","hentry"],"_links":{"self":[{"href":"https:\/\/sunandspeed.com\/es\/wp-json\/wp\/v2\/pages\/1884","targetHints":{"allow":["GET"]}}],"collection":[{"href":"https:\/\/sunandspeed.com\/es\/wp-json\/wp\/v2\/pages"}],"about":[{"href":"https:\/\/sunandspeed.com\/es\/wp-json\/wp\/v2\/types\/page"}],"author":[{"embeddable":true,"href":"https:\/\/sunandspeed.com\/es\/wp-json\/wp\/v2\/users\/1"}],"replies":[{"embeddable":true,"href":"https:\/\/sunandspeed.com\/es\/wp-json\/wp\/v2\/comments?post=1884"}],"version-history":[{"count":1,"href":"https:\/\/sunandspeed.com\/es\/wp-json\/wp\/v2\/pages\/1884\/revisions"}],"predecessor-version":[{"id":1885,"href":"https:\/\/sunandspeed.com\/es\/wp-json\/wp\/v2\/pages\/1884\/revisions\/1885"}],"wp:attachment":[{"href":"https:\/\/sunandspeed.com\/es\/wp-json\/wp\/v2\/media?parent=1884"}],"curies":[{"name":"wp","href":"https:\/\/api.w.org\/{rel}","templated":true}]}}