{"id":1881,"date":"2025-04-26T18:57:12","date_gmt":"2025-04-26T18:57:12","guid":{"rendered":"https:\/\/sunandspeed.com\/sobre-nosotros\/"},"modified":"2025-05-05T06:25:28","modified_gmt":"2025-05-05T06:25:28","slug":"sobre-nosotros","status":"publish","type":"page","link":"https:\/\/sunandspeed.com\/es\/sobre-nosotros\/","title":{"rendered":"Sobre nosotros"},"content":{"rendered":"\t\t<div data-elementor-type=\"wp-page\" data-elementor-id=\"1881\" class=\"elementor elementor-1881 elementor-330\" data-elementor-post-type=\"page\">\n\t\t\t\t<div class=\"elementor-element elementor-element-bf69aa4 e-flex e-con-boxed e-con e-parent\" data-id=\"bf69aa4\" data-element_type=\"container\" data-settings=\"{&quot;background_background&quot;:&quot;classic&quot;}\">\n\t\t\t\t\t<div class=\"e-con-inner\">\n\t\t\t\t<div class=\"elementor-element elementor-element-213da46 elementor-widget elementor-widget-heading\" data-id=\"213da46\" data-element_type=\"widget\" data-widget_type=\"heading.default\">\n\t\t\t\t<div class=\"elementor-widget-container\">\n\t\t\t\t\t<h2 class=\"elementor-heading-title elementor-size-default\">SOBRE NOSOTROS<\/h2>\t\t\t\t<\/div>\n\t\t\t\t<\/div>\n\t\t\t\t<div class=\"elementor-element elementor-element-45642e0 elementor-widget elementor-widget-text-editor\" data-id=\"45642e0\" data-element_type=\"widget\" data-widget_type=\"text-editor.default\">\n\t\t\t\t<div class=\"elementor-widget-container\">\n\t\t\t\t\t\t\t\t\t<p><span style=\"font-weight: 400\">En Sun &amp; Speed, redefinimos el lujo en movimiento. Con una presencia cada vez mayor en Canc\u00fan, incluidas ubicaciones emblem\u00e1ticas en La Isla y Luxury Avenue, as\u00ed como asociaciones exclusivas con hoteles y servicios aeroportuarios de primer nivel, estamos orgullosos de servir a clientes donde el lujo se encuentra con el estilo de vida.<\/span><span style=\"font-weight: 400\"><br><\/span><span style=\"font-weight: 400\"><br><\/span><span style=\"font-weight: 400\">Nuestra misi\u00f3n es simple: ofrecer experiencias inolvidables a trav\u00e9s de veh\u00edculos de alto rendimiento y servicios seleccionados. Ya sea que est\u00e9 buscando un Ferrari para el fin de semana, un yate para la tarde o una experiencia de viaje completa, nuestro equipo de conserjer\u00eda est\u00e1 aqu\u00ed para organizar cada detalle: vuelos, hoteles, conductores privados y m\u00e1s.<\/span><span style=\"font-weight: 400\"><br><\/span><span style=\"font-weight: 400\"><br><\/span><span style=\"font-weight: 400\">No solo alquilamos lujo, sino que lo entregamos con un servicio, discreci\u00f3n y excelencia inigualables<\/span><\/p>\t\t\t\t\t\t\t\t<\/div>\n\t\t\t\t<\/div>\n\t\t\t\t\t<\/div>\n\t\t\t\t<\/div>\n\t\t\t\t<\/div>\n\t\t","protected":false},"excerpt":{"rendered":"<p>SOBRE NOSOTROS En Sun &amp; Speed, redefinimos el lujo en movimiento. Con una presencia cada vez mayor en Canc\u00fan, incluidas ubicaciones emblem\u00e1ticas en La Isla y Luxury Avenue, as\u00ed como asociaciones exclusivas con hoteles y servicios aeroportuarios de primer nivel, estamos orgullosos de servir a clientes donde el lujo se encuentra con el estilo de [&hellip;]<\/p>\n","protected":false},"author":1,"featured_media":0,"parent":0,"menu_order":0,"comment_status":"closed","ping_status":"closed","template":"elementor_header_footer","meta":{"footnotes":""},"class_list":["post-1881","page","type-page","status-publish","hentry"],"_links":{"self":[{"href":"https:\/\/sunandspeed.com\/es\/wp-json\/wp\/v2\/pages\/1881","targetHints":{"allow":["GET"]}}],"collection":[{"href":"https:\/\/sunandspeed.com\/es\/wp-json\/wp\/v2\/pages"}],"about":[{"href":"https:\/\/sunandspeed.com\/es\/wp-json\/wp\/v2\/types\/page"}],"author":[{"embeddable":true,"href":"https:\/\/sunandspeed.com\/es\/wp-json\/wp\/v2\/users\/1"}],"replies":[{"embeddable":true,"href":"https:\/\/sunandspeed.com\/es\/wp-json\/wp\/v2\/comments?post=1881"}],"version-history":[{"count":1,"href":"https:\/\/sunandspeed.com\/es\/wp-json\/wp\/v2\/pages\/1881\/revisions"}],"predecessor-version":[{"id":1882,"href":"https:\/\/sunandspeed.com\/es\/wp-json\/wp\/v2\/pages\/1881\/revisions\/1882"}],"wp:attachment":[{"href":"https:\/\/sunandspeed.com\/es\/wp-json\/wp\/v2\/media?parent=1881"}],"curies":[{"name":"wp","href":"https:\/\/api.w.org\/{rel}","templated":true}]}}