{"id":1871,"date":"2025-04-28T02:38:07","date_gmt":"2025-04-28T02:38:07","guid":{"rendered":"https:\/\/sunandspeed.com\/bodas\/"},"modified":"2025-09-23T20:13:38","modified_gmt":"2025-09-23T20:13:38","slug":"bodas","status":"publish","type":"page","link":"https:\/\/sunandspeed.com\/es\/bodas\/","title":{"rendered":"Bodas"},"content":{"rendered":"\t\t<div data-elementor-type=\"wp-page\" data-elementor-id=\"1871\" class=\"elementor elementor-1871 elementor-842\" data-elementor-post-type=\"page\">\n\t\t\t\t<div class=\"elementor-element elementor-element-584b49c5 e-flex e-con-boxed e-con e-parent\" data-id=\"584b49c5\" data-element_type=\"container\" data-settings=\"{&quot;background_background&quot;:&quot;classic&quot;}\">\n\t\t\t\t\t<div class=\"e-con-inner\">\n\t\t\t\t<div class=\"elementor-element elementor-element-32bacc09 elementor-widget elementor-widget-heading\" data-id=\"32bacc09\" data-element_type=\"widget\" data-widget_type=\"heading.default\">\n\t\t\t\t<div class=\"elementor-widget-container\">\n\t\t\t\t\t<h2 class=\"elementor-heading-title elementor-size-default\">BODAS<\/h2>\t\t\t\t<\/div>\n\t\t\t\t<\/div>\n\t\t\t\t<div class=\"elementor-element elementor-element-3ffd24f8 elementor-widget elementor-widget-spacer\" data-id=\"3ffd24f8\" data-element_type=\"widget\" data-widget_type=\"spacer.default\">\n\t\t\t\t<div class=\"elementor-widget-container\">\n\t\t\t\t\t\t\t<div class=\"elementor-spacer\">\n\t\t\t<div class=\"elementor-spacer-inner\"><\/div>\n\t\t<\/div>\n\t\t\t\t\t\t<\/div>\n\t\t\t\t<\/div>\n\t\t\t\t<div class=\"elementor-element elementor-element-c2ea6aa elementor-widget elementor-widget-text-editor\" data-id=\"c2ea6aa\" data-element_type=\"widget\" data-widget_type=\"text-editor.default\">\n\t\t\t\t<div class=\"elementor-widget-container\">\n\t\t\t\t\t\t\t\t\t<p>En Sun &amp; Speed, sabemos que tu boda es m\u00e1s que un d\u00eda<\/p>\t\t\t\t\t\t\t\t<\/div>\n\t\t\t\t<\/div>\n\t\t\t\t<div class=\"elementor-element elementor-element-9832e41 elementor-widget elementor-widget-text-editor\" data-id=\"9832e41\" data-element_type=\"widget\" data-widget_type=\"text-editor.default\">\n\t\t\t\t<div class=\"elementor-widget-container\">\n\t\t\t\t\t\t\t\t\t<p>Es un recuerdo para toda la vida<\/p>\t\t\t\t\t\t\t\t<\/div>\n\t\t\t\t<\/div>\n\t\t\t\t<div class=\"elementor-element elementor-element-2e372db5 elementor-widget elementor-widget-spacer\" data-id=\"2e372db5\" data-element_type=\"widget\" data-widget_type=\"spacer.default\">\n\t\t\t\t<div class=\"elementor-widget-container\">\n\t\t\t\t\t\t\t<div class=\"elementor-spacer\">\n\t\t\t<div class=\"elementor-spacer-inner\"><\/div>\n\t\t<\/div>\n\t\t\t\t\t\t<\/div>\n\t\t\t\t<\/div>\n\t\t\t\t\t<\/div>\n\t\t\t\t<\/div>\n\t\t<div class=\"elementor-element elementor-element-7eeb9ade e-flex e-con-boxed e-con e-parent\" data-id=\"7eeb9ade\" data-element_type=\"container\" data-settings=\"{&quot;background_background&quot;:&quot;classic&quot;}\">\n\t\t\t\t\t<div class=\"e-con-inner\">\n\t\t<div class=\"elementor-element elementor-element-3da3870d e-con-full e-flex e-con e-child\" data-id=\"3da3870d\" data-element_type=\"container\">\n\t\t\t\t<div class=\"elementor-element elementor-element-57eba958 elementor-widget elementor-widget-image\" data-id=\"57eba958\" data-element_type=\"widget\" data-widget_type=\"image.default\">\n\t\t\t\t<div class=\"elementor-widget-container\">\n\t\t\t\t\t\t\t\t\t\t\t\t\t\t\t<img fetchpriority=\"high\" decoding=\"async\" width=\"800\" height=\"800\" src=\"https:\/\/sunandspeed.com\/wp-content\/uploads\/2025\/04\/jhnkm.webp\" class=\"attachment-large size-large wp-image-1542\" alt=\"\" \/>\t\t\t\t\t\t\t\t\t\t\t\t\t\t\t<\/div>\n\t\t\t\t<\/div>\n\t\t\t\t<\/div>\n\t\t<div class=\"elementor-element elementor-element-1e580d0 e-con-full e-flex e-con e-child\" data-id=\"1e580d0\" data-element_type=\"container\">\n\t\t\t\t<div class=\"elementor-element elementor-element-7b49e6cf elementor-widget elementor-widget-text-editor\" data-id=\"7b49e6cf\" data-element_type=\"widget\" data-widget_type=\"text-editor.default\">\n\t\t\t\t<div class=\"elementor-widget-container\">\n\t\t\t\t\t\t\t\t\t<p>Es por eso que ofrecemos a las parejas la oportunidad de agregar un toque de lujo y emoci\u00f3n a su momento especial. Ya sea que desee llegar con estilo, capturar fotos inolvidables o simplemente causar un impacto en su lugar, estamos aqu\u00ed para dar vida a su visi\u00f3n.<\/p>\t\t\t\t\t\t\t\t<\/div>\n\t\t\t\t<\/div>\n\t\t\t\t<div class=\"elementor-element elementor-element-f4a3902 elementor-widget elementor-widget-text-editor\" data-id=\"f4a3902\" data-element_type=\"widget\" data-widget_type=\"text-editor.default\">\n\t\t\t\t<div class=\"elementor-widget-container\">\n\t\t\t\t\t\t\t\t\t<p>Puede alquilar un autom\u00f3vil de lujo durante todo el d\u00eda para navegar como reci\u00e9n casados o elegir exhibir uno de nuestros impresionantes modelos durante una hora durante su evento, perfecto para fotograf\u00edas y entradas inolvidables.<\/p>\t\t\t\t\t\t\t\t<\/div>\n\t\t\t\t<\/div>\n\t\t\t\t<\/div>\n\t\t\t\t\t<\/div>\n\t\t\t\t<\/div>\n\t\t<div class=\"elementor-element elementor-element-70a443b2 e-flex e-con-boxed e-con e-parent\" data-id=\"70a443b2\" data-element_type=\"container\" data-settings=\"{&quot;background_background&quot;:&quot;classic&quot;}\">\n\t\t\t\t\t<div class=\"e-con-inner\">\n\t\t<div class=\"elementor-element elementor-element-3885b53f e-con-full e-flex e-con e-child\" data-id=\"3885b53f\" data-element_type=\"container\">\n\t\t\t\t<div class=\"elementor-element elementor-element-5c670081 elementor-widget elementor-widget-text-editor\" data-id=\"5c670081\" data-element_type=\"widget\" data-widget_type=\"text-editor.default\">\n\t\t\t\t<div class=\"elementor-widget-container\">\n\t\t\t\t\t\t\t\t\t<p><span style=\"font-weight: 400\">Ofrecemos paquetes personalizados y precios especiales exclusivamente para bodas. Los organizadores de bodas tambi\u00e9n son bienvenidos a colaborar con nosotros para crear experiencias fluidas y de alta gama para sus clientes.<\/span><\/p>\t\t\t\t\t\t\t\t<\/div>\n\t\t\t\t<\/div>\n\t\t\t\t<div class=\"elementor-element elementor-element-1e0c3cc elementor-widget elementor-widget-text-editor\" data-id=\"1e0c3cc\" data-element_type=\"widget\" data-widget_type=\"text-editor.default\">\n\t\t\t\t<div class=\"elementor-widget-container\">\n\t\t\t\t\t\t\t\t\t<p><span style=\"font-weight: 400\">Desde un autom\u00f3vil hasta una flota completa, Sun &amp; Speed es su socio en lujo, elegancia y comienzos inolvidables.<\/span><\/p>\t\t\t\t\t\t\t\t<\/div>\n\t\t\t\t<\/div>\n\t\t\t\t<\/div>\n\t\t<div class=\"elementor-element elementor-element-9661bc4 e-con-full e-flex e-con e-child\" data-id=\"9661bc4\" data-element_type=\"container\">\n\t\t\t\t<div class=\"elementor-element elementor-element-59e6c624 elementor-widget elementor-widget-image\" data-id=\"59e6c624\" data-element_type=\"widget\" data-widget_type=\"image.default\">\n\t\t\t\t<div class=\"elementor-widget-container\">\n\t\t\t\t\t\t\t\t\t\t\t\t\t\t\t<img decoding=\"async\" width=\"800\" height=\"800\" src=\"https:\/\/sunandspeed.com\/wp-content\/uploads\/2025\/04\/ctvy.webp\" class=\"attachment-large size-large wp-image-1544\" alt=\"\" \/>\t\t\t\t\t\t\t\t\t\t\t\t\t\t\t<\/div>\n\t\t\t\t<\/div>\n\t\t\t\t<\/div>\n\t\t\t\t\t<\/div>\n\t\t\t\t<\/div>\n\t\t\t\t<\/div>\n\t\t","protected":false},"excerpt":{"rendered":"<p>BODAS En Sun &amp; Speed, sabemos que tu boda es m\u00e1s que un d\u00eda Es un recuerdo para toda la vida Es por eso que ofrecemos a las parejas la oportunidad de agregar un toque de lujo y emoci\u00f3n a su momento especial. Ya sea que desee llegar con estilo, capturar fotos inolvidables o simplemente [&hellip;]<\/p>\n","protected":false},"author":1,"featured_media":0,"parent":0,"menu_order":0,"comment_status":"closed","ping_status":"closed","template":"elementor_header_footer","meta":{"footnotes":""},"class_list":["post-1871","page","type-page","status-publish","hentry"],"_links":{"self":[{"href":"https:\/\/sunandspeed.com\/es\/wp-json\/wp\/v2\/pages\/1871","targetHints":{"allow":["GET"]}}],"collection":[{"href":"https:\/\/sunandspeed.com\/es\/wp-json\/wp\/v2\/pages"}],"about":[{"href":"https:\/\/sunandspeed.com\/es\/wp-json\/wp\/v2\/types\/page"}],"author":[{"embeddable":true,"href":"https:\/\/sunandspeed.com\/es\/wp-json\/wp\/v2\/users\/1"}],"replies":[{"embeddable":true,"href":"https:\/\/sunandspeed.com\/es\/wp-json\/wp\/v2\/comments?post=1871"}],"version-history":[{"count":2,"href":"https:\/\/sunandspeed.com\/es\/wp-json\/wp\/v2\/pages\/1871\/revisions"}],"predecessor-version":[{"id":2342,"href":"https:\/\/sunandspeed.com\/es\/wp-json\/wp\/v2\/pages\/1871\/revisions\/2342"}],"wp:attachment":[{"href":"https:\/\/sunandspeed.com\/es\/wp-json\/wp\/v2\/media?parent=1871"}],"curies":[{"name":"wp","href":"https:\/\/api.w.org\/{rel}","templated":true}]}}