{"id":1856,"date":"2025-04-28T02:38:53","date_gmt":"2025-04-28T02:38:53","guid":{"rendered":"https:\/\/sunandspeed.com\/yates\/"},"modified":"2025-05-05T06:12:29","modified_gmt":"2025-05-05T06:12:29","slug":"yates","status":"publish","type":"page","link":"https:\/\/sunandspeed.com\/es\/yates\/","title":{"rendered":"Yates"},"content":{"rendered":"\t\t<div data-elementor-type=\"wp-page\" data-elementor-id=\"1856\" class=\"elementor elementor-1856\" data-elementor-post-type=\"page\">\n\t\t\t\t<div class=\"elementor-element elementor-element-4aea57e4 e-flex e-con-boxed e-con e-parent\" data-id=\"4aea57e4\" data-element_type=\"container\" data-settings=\"{&quot;background_background&quot;:&quot;classic&quot;}\">\n\t\t\t\t\t<div class=\"e-con-inner\">\n\t\t\t\t<div class=\"elementor-element elementor-element-3dcfd994 elementor-widget elementor-widget-heading\" data-id=\"3dcfd994\" data-element_type=\"widget\" data-widget_type=\"heading.default\">\n\t\t\t\t<div class=\"elementor-widget-container\">\n\t\t\t\t\t<h2 class=\"elementor-heading-title elementor-size-default\">Yates<\/h2>\t\t\t\t<\/div>\n\t\t\t\t<\/div>\n\t\t\t\t<div class=\"elementor-element elementor-element-5193b262 elementor-widget elementor-widget-text-editor\" data-id=\"5193b262\" data-element_type=\"widget\" data-widget_type=\"text-editor.default\">\n\t\t\t\t<div class=\"elementor-widget-container\">\n\t\t\t\t\t\t\t\t\t<p>Navega hacia el lujo con Sun &amp; Speed.<\/p>\t\t\t\t\t\t\t\t<\/div>\n\t\t\t\t<\/div>\n\t\t\t\t<div class=\"elementor-element elementor-element-28a4beac elementor-widget elementor-widget-spacer\" data-id=\"28a4beac\" data-element_type=\"widget\" data-widget_type=\"spacer.default\">\n\t\t\t\t<div class=\"elementor-widget-container\">\n\t\t\t\t\t\t\t<div class=\"elementor-spacer\">\n\t\t\t<div class=\"elementor-spacer-inner\"><\/div>\n\t\t<\/div>\n\t\t\t\t\t\t<\/div>\n\t\t\t\t<\/div>\n\t\t\t\t<div class=\"elementor-element elementor-element-4338e05f elementor-widget elementor-widget-spacer\" data-id=\"4338e05f\" data-element_type=\"widget\" data-widget_type=\"spacer.default\">\n\t\t\t\t<div class=\"elementor-widget-container\">\n\t\t\t\t\t\t\t<div class=\"elementor-spacer\">\n\t\t\t<div class=\"elementor-spacer-inner\"><\/div>\n\t\t<\/div>\n\t\t\t\t\t\t<\/div>\n\t\t\t\t<\/div>\n\t\t\t\t\t<\/div>\n\t\t\t\t<\/div>\n\t\t<div class=\"elementor-element elementor-element-7a4eaaed e-flex e-con-boxed e-con e-parent\" data-id=\"7a4eaaed\" data-element_type=\"container\" data-settings=\"{&quot;background_background&quot;:&quot;classic&quot;}\">\n\t\t\t\t\t<div class=\"e-con-inner\">\n\t\t<div class=\"elementor-element elementor-element-1e50d7e2 e-con-full e-flex e-con e-child\" data-id=\"1e50d7e2\" data-element_type=\"container\">\n\t\t\t\t<div class=\"elementor-element elementor-element-e63aefe elementor-widget elementor-widget-image\" data-id=\"e63aefe\" data-element_type=\"widget\" data-widget_type=\"image.default\">\n\t\t\t\t<div class=\"elementor-widget-container\">\n\t\t\t\t\t\t\t\t\t\t\t\t\t\t\t<img fetchpriority=\"high\" decoding=\"async\" width=\"800\" height=\"800\" src=\"https:\/\/sunandspeed.com\/wp-content\/uploads\/2025\/04\/osidjpas.webp\" class=\"attachment-large size-large wp-image-1550\" alt=\"\" \/>\t\t\t\t\t\t\t\t\t\t\t\t\t\t\t<\/div>\n\t\t\t\t<\/div>\n\t\t\t\t<\/div>\n\t\t<div class=\"elementor-element elementor-element-43f14758 e-con-full e-flex e-con e-child\" data-id=\"43f14758\" data-element_type=\"container\">\n\t\t\t\t<div class=\"elementor-element elementor-element-477f2cb4 elementor-widget elementor-widget-text-editor\" data-id=\"477f2cb4\" data-element_type=\"widget\" data-widget_type=\"text-editor.default\">\n\t\t\t\t<div class=\"elementor-widget-container\">\n\t\t\t\t\t\t\t\t\t<p><span style=\"font-weight: 400\">Ofrecemos acceso a los mejores yates de Canc\u00fan, desde elegantes embarcaciones de 16 metros hasta los yates m\u00e1s grandiosos disponibles en la costa caribe\u00f1a. Ya sea que est\u00e9 planeando un crucero \u00edntimo al atardecer o una aventura mar\u00edtima de todo el d\u00eda, nuestra flota est\u00e1 lista para brindarle una experiencia inolvidable. <\/span><span style=\"font-weight: 400\"><br><\/span><\/p>\t\t\t\t\t\t\t\t<\/div>\n\t\t\t\t<\/div>\n\t\t\t\t<\/div>\n\t\t\t\t\t<\/div>\n\t\t\t\t<\/div>\n\t\t<div class=\"elementor-element elementor-element-e648fdf e-flex e-con-boxed e-con e-parent\" data-id=\"e648fdf\" data-element_type=\"container\" data-settings=\"{&quot;background_background&quot;:&quot;classic&quot;}\">\n\t\t\t\t\t<div class=\"e-con-inner\">\n\t\t<div class=\"elementor-element elementor-element-55db366 e-con-full e-flex e-con e-child\" data-id=\"55db366\" data-element_type=\"container\">\n\t\t\t\t<div class=\"elementor-element elementor-element-4d6f43e3 elementor-widget elementor-widget-text-editor\" data-id=\"4d6f43e3\" data-element_type=\"widget\" data-widget_type=\"text-editor.default\">\n\t\t\t\t<div class=\"elementor-widget-container\">\n\t\t\t\t\t\t\t\t\t<p><span style=\"font-weight: 400\">Cada yate viene completamente equipado con catering de primera calidad, personal profesional, servicio de azafata a bordo y toques personalizados. Desde motos acu\u00e1ticas hasta buceo, viajes de pesca y brindis con champ\u00e1n, seleccionamos su d\u00eda perfecto en el mar. <\/span><span style=\"font-weight: 400\"><br><\/span><\/p>\t\t\t\t\t\t\t\t<\/div>\n\t\t\t\t<\/div>\n\t\t\t\t<\/div>\n\t\t<div class=\"elementor-element elementor-element-39e932ee e-con-full e-flex e-con e-child\" data-id=\"39e932ee\" data-element_type=\"container\">\n\t\t\t\t<div class=\"elementor-element elementor-element-3001ff8a elementor-widget elementor-widget-image\" data-id=\"3001ff8a\" data-element_type=\"widget\" data-widget_type=\"image.default\">\n\t\t\t\t<div class=\"elementor-widget-container\">\n\t\t\t\t\t\t\t\t\t\t\t\t\t\t\t<img decoding=\"async\" width=\"800\" height=\"800\" src=\"https:\/\/sunandspeed.com\/wp-content\/uploads\/2025\/04\/pjoik.webp\" class=\"attachment-large size-large wp-image-1556\" alt=\"\" \/>\t\t\t\t\t\t\t\t\t\t\t\t\t\t\t<\/div>\n\t\t\t\t<\/div>\n\t\t\t\t<\/div>\n\t\t\t\t\t<\/div>\n\t\t\t\t<\/div>\n\t\t<div class=\"elementor-element elementor-element-188febdc e-flex e-con-boxed e-con e-parent\" data-id=\"188febdc\" data-element_type=\"container\" data-settings=\"{&quot;background_background&quot;:&quot;classic&quot;}\">\n\t\t\t\t\t<div class=\"e-con-inner\">\n\t\t\t\t<div class=\"elementor-element elementor-element-583eb800 elementor-arrows-position-inside elementor-widget elementor-widget-image-carousel\" data-id=\"583eb800\" data-element_type=\"widget\" data-settings=\"{&quot;navigation&quot;:&quot;arrows&quot;,&quot;image_spacing_custom&quot;:{&quot;unit&quot;:&quot;px&quot;,&quot;size&quot;:28,&quot;sizes&quot;:[]},&quot;autoplay&quot;:&quot;yes&quot;,&quot;pause_on_hover&quot;:&quot;yes&quot;,&quot;pause_on_interaction&quot;:&quot;yes&quot;,&quot;autoplay_speed&quot;:5000,&quot;infinite&quot;:&quot;yes&quot;,&quot;speed&quot;:500,&quot;image_spacing_custom_tablet&quot;:{&quot;unit&quot;:&quot;px&quot;,&quot;size&quot;:&quot;&quot;,&quot;sizes&quot;:[]},&quot;image_spacing_custom_mobile&quot;:{&quot;unit&quot;:&quot;px&quot;,&quot;size&quot;:&quot;&quot;,&quot;sizes&quot;:[]}}\" data-widget_type=\"image-carousel.default\">\n\t\t\t\t<div class=\"elementor-widget-container\">\n\t\t\t\t\t\t\t<div class=\"elementor-image-carousel-wrapper swiper\" role=\"region\" aria-roledescription=\"carousel\" aria-label=\"Image Carousel\" dir=\"ltr\">\n\t\t\t<div class=\"elementor-image-carousel swiper-wrapper\" aria-live=\"off\">\n\t\t\t\t\t\t\t\t<div class=\"swiper-slide\" role=\"group\" aria-roledescription=\"slide\" aria-label=\"1 de 5\"><figure class=\"swiper-slide-inner\"><img decoding=\"async\" class=\"swiper-slide-image\" src=\"https:\/\/sunandspeed.com\/wp-content\/uploads\/2025\/04\/uijoik-768x768.jpg\" alt=\"uijoik\" \/><\/figure><\/div><div class=\"swiper-slide\" role=\"group\" aria-roledescription=\"slide\" aria-label=\"2 de 5\"><figure class=\"swiper-slide-inner\"><img decoding=\"async\" class=\"swiper-slide-image\" src=\"https:\/\/sunandspeed.com\/wp-content\/uploads\/2025\/04\/iunjk-768x768.jpg\" alt=\"iunjk\" \/><\/figure><\/div><div class=\"swiper-slide\" role=\"group\" aria-roledescription=\"slide\" aria-label=\"3 de 5\"><figure class=\"swiper-slide-inner\"><img decoding=\"async\" class=\"swiper-slide-image\" src=\"https:\/\/sunandspeed.com\/wp-content\/uploads\/2025\/04\/iujoi-768x768.jpg\" alt=\"iujoi\" \/><\/figure><\/div><div class=\"swiper-slide\" role=\"group\" aria-roledescription=\"slide\" aria-label=\"4 de 5\"><figure class=\"swiper-slide-inner\"><img decoding=\"async\" class=\"swiper-slide-image\" src=\"https:\/\/sunandspeed.com\/wp-content\/uploads\/2025\/04\/uijoik-1-768x768.jpg\" alt=\"uijoik\" \/><\/figure><\/div><div class=\"swiper-slide\" role=\"group\" aria-roledescription=\"slide\" aria-label=\"5 de 5\"><figure class=\"swiper-slide-inner\"><img decoding=\"async\" class=\"swiper-slide-image\" src=\"https:\/\/sunandspeed.com\/wp-content\/uploads\/2025\/04\/iunjk-1-768x768.jpg\" alt=\"iunjk\" \/><\/figure><\/div>\t\t\t<\/div>\n\t\t\t\t\t\t\t\t\t\t\t\t<div class=\"elementor-swiper-button elementor-swiper-button-prev\" role=\"button\" tabindex=\"0\">\n\t\t\t\t\t\t<svg aria-hidden=\"true\" class=\"e-font-icon-svg e-eicon-chevron-left\" viewBox=\"0 0 1000 1000\" xmlns=\"http:\/\/www.w3.org\/2000\/svg\"><path d=\"M646 125C629 125 613 133 604 142L308 442C296 454 292 471 292 487 292 504 296 521 308 533L604 854C617 867 629 875 646 875 663 875 679 871 692 858 704 846 713 829 713 812 713 796 708 779 692 767L438 487 692 225C700 217 708 204 708 187 708 171 704 154 692 142 675 129 663 125 646 125Z\"><\/path><\/svg>\t\t\t\t\t<\/div>\n\t\t\t\t\t<div class=\"elementor-swiper-button elementor-swiper-button-next\" role=\"button\" tabindex=\"0\">\n\t\t\t\t\t\t<svg aria-hidden=\"true\" class=\"e-font-icon-svg e-eicon-chevron-right\" viewBox=\"0 0 1000 1000\" xmlns=\"http:\/\/www.w3.org\/2000\/svg\"><path d=\"M696 533C708 521 713 504 713 487 713 471 708 454 696 446L400 146C388 133 375 125 354 125 338 125 325 129 313 142 300 154 292 171 292 187 292 204 296 221 308 233L563 492 304 771C292 783 288 800 288 817 288 833 296 850 308 863 321 871 338 875 354 875 371 875 388 867 400 854L696 533Z\"><\/path><\/svg>\t\t\t\t\t<\/div>\n\t\t\t\t\n\t\t\t\t\t\t\t\t\t<\/div>\n\t\t\t\t\t\t<\/div>\n\t\t\t\t<\/div>\n\t\t<div class=\"elementor-element elementor-element-7b3fcf4b e-con-full e-flex e-con e-child\" data-id=\"7b3fcf4b\" data-element_type=\"container\">\n\t\t\t\t<div class=\"elementor-element elementor-element-4a368b6c elementor-widget elementor-widget-text-editor\" data-id=\"4a368b6c\" data-element_type=\"widget\" data-widget_type=\"text-editor.default\">\n\t\t\t\t<div class=\"elementor-widget-container\">\n\t\t\t\t\t\t\t\t\t<p>Y para obtener la mejor combinaci\u00f3n de lujo, combine su yate con uno de nuestros veh\u00edculos de \u00e9lite: comience su d\u00eda en la carretera en un Ferrari, term\u00ednelo con una puesta de sol en el mar.<\/p>\t\t\t\t\t\t\t\t<\/div>\n\t\t\t\t<\/div>\n\t\t\t\t<div class=\"elementor-element elementor-element-5d003506 elementor-widget elementor-widget-text-editor\" data-id=\"5d003506\" data-element_type=\"widget\" data-widget_type=\"text-editor.default\">\n\t\t\t\t<div class=\"elementor-widget-container\">\n\t\t\t\t\t\t\t\t\t<p>En Sun &amp; Speed, no solo alquilamos yates, creamos momentos que duran para siempre.<\/p>\t\t\t\t\t\t\t\t<\/div>\n\t\t\t\t<\/div>\n\t\t\t\t<\/div>\n\t\t\t\t\t<\/div>\n\t\t\t\t<\/div>\n\t\t<div class=\"elementor-element elementor-element-38482c3 e-flex e-con-boxed e-con e-parent\" data-id=\"38482c3\" data-element_type=\"container\">\n\t\t\t\t\t<div class=\"e-con-inner\">\n\t\t<div class=\"elementor-element elementor-element-e66351f e-con-full e-flex e-con e-child\" data-id=\"e66351f\" data-element_type=\"container\" data-settings=\"{&quot;background_background&quot;:&quot;classic&quot;}\">\n\t\t\t\t<div class=\"elementor-element elementor-element-c9241cf elementor-widget elementor-widget-text-editor\" data-id=\"c9241cf\" data-element_type=\"widget\" data-widget_type=\"text-editor.default\">\n\t\t\t\t<div class=\"elementor-widget-container\">\n\t\t\t\t\t\t\t\t\t<span style=\"color: #ffd683;font-size: 18px\"><strong>Desde<\/strong><\/span> $1,300 USD\t\t\t\t\t\t\t\t<\/div>\n\t\t\t\t<\/div>\n\t\t\t\t<div class=\"elementor-element elementor-element-85f4995 elementor-widget elementor-widget-price-table\" data-id=\"85f4995\" data-element_type=\"widget\" data-widget_type=\"price-table.default\">\n\t\t\t\t<div class=\"elementor-widget-container\">\n\t\t\t\t\t\n\t\t<div class=\"elementor-price-table\">\n\t\t\t\n\t\t\t<div class=\"elementor-price-table__price\">\n\t\t\t\t\t\t\t\t\t\t\t\t\n\t\t\t\t\n\t\t\t\t\n\t\t\t\t\t\t\t<\/div>\n\n\t\t\t\t\t\t\t<ul class=\"elementor-price-table__features-list\">\n\t\t\t\t\t\t\t\t\t\t\t<li class=\"elementor-repeater-item-0d1c097\">\n\t\t\t\t\t\t\t<div class=\"elementor-price-table__feature-inner\">\n\t\t\t\t\t\t\t\t<i aria-hidden=\"true\" class=\"mdi mdi-clock-time-eight-outline\"><\/i>\t\t\t\t\t\t\t\t\t\t\t\t\t\t\t\t\t<span >\n\t\t\t\t\t\t\t\t\t\t6 Horas\t\t\t\t\t\t\t\t\t<\/span>\n\t\t\t\t\t\t\t\t\t\t\t\t\t\t\t\t<\/div>\n\t\t\t\t\t\t<\/li>\n\t\t\t\t\t\t\t\t\t\t\t<li class=\"elementor-repeater-item-a7cfea5\">\n\t\t\t\t\t\t\t<div class=\"elementor-price-table__feature-inner\">\n\t\t\t\t\t\t\t\t<i aria-hidden=\"true\" class=\"mdi mdi-glass-cocktail\"><\/i>\t\t\t\t\t\t\t\t\t\t\t\t\t\t\t\t\t<span >\n\t\t\t\t\t\t\t\t\t\tBebidas incluidas\t\t\t\t\t\t\t\t\t<\/span>\n\t\t\t\t\t\t\t\t\t\t\t\t\t\t\t\t<\/div>\n\t\t\t\t\t\t<\/li>\n\t\t\t\t\t\t\t\t\t<\/ul>\n\t\t\t\n\t\t\t\t\t<\/div>\n\n\t\t\t\t\t\t<\/div>\n\t\t\t\t<\/div>\n\t\t\t\t<div class=\"elementor-element elementor-element-edb8d36 elementor-widget elementor-widget-text-editor\" data-id=\"edb8d36\" data-element_type=\"widget\" data-widget_type=\"text-editor.default\">\n\t\t\t\t<div class=\"elementor-widget-container\">\n\t\t\t\t\t\t\t\t\t<p><span style=\"color: #ffd683;font-size: 18px\"><strong>Hasta <\/strong><\/span>$25,000 USD<\/p>\t\t\t\t\t\t\t\t<\/div>\n\t\t\t\t<\/div>\n\t\t\t\t<div class=\"elementor-element elementor-element-0383348 elementor-widget elementor-widget-price-table\" data-id=\"0383348\" data-element_type=\"widget\" data-widget_type=\"price-table.default\">\n\t\t\t\t<div class=\"elementor-widget-container\">\n\t\t\t\t\t\n\t\t<div class=\"elementor-price-table\">\n\t\t\t\n\t\t\t<div class=\"elementor-price-table__price\">\n\t\t\t\t\t\t\t\t\t\t\t\t\n\t\t\t\t\n\t\t\t\t\n\t\t\t\t\t\t\t<\/div>\n\n\t\t\t\t\t\t\t<ul class=\"elementor-price-table__features-list\">\n\t\t\t\t\t\t\t\t\t\t\t<li class=\"elementor-repeater-item-0d1c097\">\n\t\t\t\t\t\t\t<div class=\"elementor-price-table__feature-inner\">\n\t\t\t\t\t\t\t\t<i aria-hidden=\"true\" class=\"ion ion-md-boat\"><\/i>\t\t\t\t\t\t\t\t\t\t\t\t\t\t\t\t\t<span >\n\t\t\t\t\t\t\t\t\t\tYate de 100 m\t\t\t\t\t\t\t\t\t<\/span>\n\t\t\t\t\t\t\t\t\t\t\t\t\t\t\t\t<\/div>\n\t\t\t\t\t\t<\/li>\n\t\t\t\t\t\t\t\t\t<\/ul>\n\t\t\t\n\t\t\t\t\t<\/div>\n\n\t\t\t\t\t\t<\/div>\n\t\t\t\t<\/div>\n\t\t\t\t<div class=\"elementor-element elementor-element-e1f62f0 elementor-widget elementor-widget-text-editor\" data-id=\"e1f62f0\" data-element_type=\"widget\" data-widget_type=\"text-editor.default\">\n\t\t\t\t<div class=\"elementor-widget-container\">\n\t\t\t\t\t\t\t\t\t<p>*15 barcos disponibles<\/p>\t\t\t\t\t\t\t\t<\/div>\n\t\t\t\t<\/div>\n\t\t\t\t<\/div>\n\t\t\t\t\t<\/div>\n\t\t\t\t<\/div>\n\t\t\t\t<\/div>\n\t\t","protected":false},"excerpt":{"rendered":"<p>Yates Navega hacia el lujo con Sun &amp; Speed. Ofrecemos acceso a los mejores yates de Canc\u00fan, desde elegantes embarcaciones de 16 metros hasta los yates m\u00e1s grandiosos disponibles en la costa caribe\u00f1a. Ya sea que est\u00e9 planeando un crucero \u00edntimo al atardecer o una aventura mar\u00edtima de todo el d\u00eda, nuestra flota est\u00e1 lista [&hellip;]<\/p>\n","protected":false},"author":1,"featured_media":0,"parent":0,"menu_order":0,"comment_status":"closed","ping_status":"closed","template":"elementor_header_footer","meta":{"footnotes":""},"class_list":["post-1856","page","type-page","status-publish","hentry"],"_links":{"self":[{"href":"https:\/\/sunandspeed.com\/es\/wp-json\/wp\/v2\/pages\/1856","targetHints":{"allow":["GET"]}}],"collection":[{"href":"https:\/\/sunandspeed.com\/es\/wp-json\/wp\/v2\/pages"}],"about":[{"href":"https:\/\/sunandspeed.com\/es\/wp-json\/wp\/v2\/types\/page"}],"author":[{"embeddable":true,"href":"https:\/\/sunandspeed.com\/es\/wp-json\/wp\/v2\/users\/1"}],"replies":[{"embeddable":true,"href":"https:\/\/sunandspeed.com\/es\/wp-json\/wp\/v2\/comments?post=1856"}],"version-history":[{"count":1,"href":"https:\/\/sunandspeed.com\/es\/wp-json\/wp\/v2\/pages\/1856\/revisions"}],"predecessor-version":[{"id":1861,"href":"https:\/\/sunandspeed.com\/es\/wp-json\/wp\/v2\/pages\/1856\/revisions\/1861"}],"wp:attachment":[{"href":"https:\/\/sunandspeed.com\/es\/wp-json\/wp\/v2\/media?parent=1856"}],"curies":[{"name":"wp","href":"https:\/\/api.w.org\/{rel}","templated":true}]}}